{"id":403,"date":"2018-06-19T10:58:00","date_gmt":"2018-06-19T11:58:00","guid":{"rendered":"http:\/\/www.aluminiosizquierdo.es\/ai\/politica-de-cookies\/"},"modified":"2023-12-14T17:43:53","modified_gmt":"2023-12-14T18:43:53","slug":"politica-de-cookies","status":"publish","type":"page","link":"https:\/\/www.aluminiosizquierdo.es\/ai\/politica-de-cookies\/","title":{"rendered":"Pol\u00edtica de Cookies"},"content":{"rendered":"<h2>1. Aviso de cokies<\/h2>\n<p>Usamos cookies propias y de terceros para mejorar nuestros servicios, elaborar informaci\u00f3n estad\u00edstica, analizar la navegaci\u00f3n de los usuarios y poder ofrecer contenidos de su inter\u00e9s. El RGPD exige un consentimiento expreso y no t\u00e1cito, por lo tanto, es necesaria la aceptaci\u00f3n por medio de un bot\u00f3n como medio v\u00e1lido. Es posible obtener m\u00e1s informaci\u00f3n en nuestra definici\u00f3n y funci\u00f3n de las cookies (v\u00e9ase 2), as\u00ed como para revocaci\u00f3n y eliminaci\u00f3n de cookies por tipo de navegador (v\u00e9ase 3) y para administraci\u00f3n de las cookies y otros marcadores (v\u00e9ase 4).<\/p>\n<h2>2. Definici\u00f3n y funci\u00f3n de las cookies<\/h2>\n<p>Las cookies, o trazadores similares, son datos utilizados por un servidor para enviar informaci\u00f3n de estado al navegador de un usuario, y por ese navegador para enviar informaci\u00f3n de estado al servidor original.<\/p>\n<p>Las cookies permiten a una p\u00e1gina web, entre otras cosas, almacenar y recuperar informaci\u00f3n sobre los h\u00e1bitos de navegaci\u00f3n de un usuario o de su equipo y, dependiendo de la informaci\u00f3n que contengan y de la forma en que utilice su equipo, pueden utilizarse para reconocer al usuario. La informaci\u00f3n de estado puede ser, por ejemplo, nombre de usuario, clave de acceso, contrase\u00f1a de inicio de sesi\u00f3n (o \u201cLogin\u201d), idioma, fecha de caducidad, etc.<\/p>\n<p>Las cookies son utilizadas para almacenar informaci\u00f3n de estado por el tiempo que dure su validez cuando un navegador accede a diferentes p\u00e1ginas web o cuando el navegador vuelva a ese sitio web. Toda la informaci\u00f3n que se recaba en el sitio web se utiliza para poder ofrecer un mejor servicio a los visitantes.<\/p>\n<p>T\u00e9ngase en cuenta que usar nuestra web con cookies deshabilitadas puede hacer que la web no funcione adecuadamente, y que en determinadas zonas d\u00e9 errores.<\/p>\n<p>Los tipos de cookies que utiliza nuestra organizaci\u00f3n seg\u00fan el <strong>\u201dTiempo de Duraci\u00f3n\u201d<\/strong> de las cookies, son las siguientes:<\/p>\n<ul>\n<li><strong>Cookies t\u00e9cnicas:<\/strong><br \/>Son aquellas que, bien tratadas por nosotros o por terceros, resultan imprescindibles para que se pueda navegar por el sitio Web correctamente. Garantizan que la p\u00e1gina se muestre de forma adecuada.<\/li>\n<li><strong>Cookies anal\u00edticas:<\/strong><br \/>Son aquellas que, bien tratadas por nosotros o por terceros, nos permiten cuantificar el n\u00famero de usuarios y as\u00ed realizar la medici\u00f3n y an\u00e1lisis estad\u00edstico de la utilizaci\u00f3n y comportamiento que hacen los usuarios del servicio ofertado. Para ello se analiza su navegaci\u00f3n de forma an\u00f3nima en nuestro sitio Web con el fin de mejorar la oferta de productos o servicios que le ofrecemos. Esta cookie ofrece a su responsable informaci\u00f3n agregada, an\u00f3nima (sin llegar a identificar personalmente al usuario) y de car\u00e1cter estad\u00edstico.<\/li>\n<li><strong>Cookies de personalizaci\u00f3n:<\/strong><br \/>Son aquellas que, bien tratadas por nosotros o por terceros, permiten al usuario acceder al servicio con algunas caracter\u00edsticas predefinidas en funci\u00f3n de una serie de criterios en el terminal del usuario como ser\u00edan la navegaci\u00f3n del usuario y sus intereses, la configuraci\u00f3n regional desde donde accede al servicio, etc.<\/li>\n<li><strong>Cookies de funcionalidades:<\/strong><br \/>Tienen como objetivo adaptar el sitio web a las preferencias de visualizaci\u00f3n, tales como idioma, moneda, resoluci\u00f3n de pantalla, sistema operativo utilizado, configuraci\u00f3n y configuraci\u00f3n de la visualizaci\u00f3n de p\u00e1ginas web seg\u00fan el equipo que est\u00e1 utilizando y su ubicaci\u00f3n, etc., as\u00ed como tambi\u00e9n memorizar cierta informaci\u00f3n que ha entrado en la web para facilitar y personalizar la pr\u00f3xima navegaci\u00f3n, especialmente mostrando el nombre y apellido de la persona usuaria de Internet identificado si tiene una cuenta de usuario. Permiten acceso a sus espacios personales m\u00e1s r\u00e1pidamente al memorizar identificadores o datos que ha indicado previamente.<\/li>\n<li><strong>Cookies publicitarias:<\/strong><br \/>Son aquellas que, bien tratadas por nosotros o por terceros, nos permiten mostrar productos y\/o servicios al visitar alguna p\u00e1gina web externa previo consentimiento expreso del usuario. Estas cookies tienen el prop\u00f3sito de ofrecer, en espacios publicitarios, contenido espec\u00edfico relevante que pueda interesarle a la persona usuaria, como por ejemplo mejores ofertas, otros productos y servicios, etc., en funci\u00f3n de sus intereses, navegaci\u00f3n, preferencias, etc., as\u00ed como tambi\u00e9n limitar el n\u00famero de apariencias publicitarias.<\/li>\n<li><strong>Cookies de afiliaci\u00f3n:<\/strong><br \/>Identifican el sitio web original de terceros que ha redirigido al usuario al sitio web.<\/li>\n<li><strong>Cookies de redes sociales:<\/strong><br \/>Colocadas por terceros, permiten compartir en redes sociales, su opini\u00f3n sobre la web y compartir contenido, por ejemplo, mediante aplicaci\u00f3n de botones \u00abCompartir\u00bb o \u00abMe gusta\u00bb de las redes sociales.<\/li>\n<\/ul>\n<p>Las aplicaciones de redes sociales en la web, pueden, en ciertos casos, permitir que las redes sociales correspondientes le identifiquen, incluso si no ha hecho clic en los botones de la aplicaci\u00f3n. De hecho, este tipo de bot\u00f3n puede permitir que la red social en cuesti\u00f3n siga su navegaci\u00f3n en la web, simplemente porque su cuenta a la red social en cuesti\u00f3n est\u00e1 activada en su terminal, en la opci\u00f3n denominada \u201csesi\u00f3n abierta\u201d durante su navegaci\u00f3n.<\/p>\n<p>Es recomendable que consulte las pol\u00edticas de estas redes sociales para conocer los prop\u00f3sitos de uso, incluida la publicidad y la informaci\u00f3n de navegaci\u00f3n que pueden recopilar. En particular, estas pol\u00edticas deber\u00edan permitirle ejercer sus elecciones con estas redes sociales y m\u00e1s concretamente configurar sus cuentas de uso para cada una de ellas.<\/p>\n<p>Seg\u00fan la <strong>\u00abPropiedad\u00bb<\/strong> de la cookie:<\/p>\n<ul>\n<li><strong>Cookies propias:<\/strong><br \/>Son aquellas que se env\u00edan al navegador del usuario desde un equipo o dominio gestionado por nosotros y desde el que se presta el servicio solicitado por el usuario.<\/li>\n<li><strong>Cookies de terceros:<\/strong><br \/>son aquellas que se env\u00edan al navegador del usuario desde un equipo o dominio que no es gestionado por nosotros, sino por otra entidad que trata los datos obtenidos a trav\u00e9s de las cookies. Utilizamos estas cookies (llamadas cookies de terceros) para ense\u00f1ar en otros sitios web publicidad nuestra personalizada, nunca de terceras empresas. Se puede optar a no aceptar estas cookies en la configuraci\u00f3n de su navegador que se ve m\u00e1s abajo en esta Pol\u00edtica.<\/li>\n<\/ul>\n<h2>3. Revocaci\u00f3n y eliminaci\u00f3n de cookies por tipo de navegador<\/h2>\n<p>La instalaci\u00f3n de ciertas cookies est\u00e1 sujeta a su consentimiento. Adicionalmente, cuando visita la web por primera vez, mediante un elemento emergente, es decir un banner de informaci\u00f3n, se le solicita en la p\u00e1gina de inicio de la web si la persona usuaria acepta la instalaci\u00f3n de este tipo de cookie. Las cookies solo se activar\u00e1n despu\u00e9s de su aceptaci\u00f3n al continuar su navegaci\u00f3n en la web.<\/p>\n<p>Podr\u00e1 volver a su elecci\u00f3n en cualquier momento por los diferentes motivos descritos en la secci\u00f3n <strong>4. Administraci\u00f3n de las cookies y otros marcadores.<\/strong><\/p>\n<p>Para m\u00e1s informaci\u00f3n sobre como bloquear el uso de las cookies a trav\u00e9s del navegador Chrome v\u00e9ase: <a href=\"https:\/\/support.google.com\/chrome\/answer\/95647?hl=es&amp;co=GENIE.Platform=Desktop\">https:\/\/support.google.com\/chrome\/answer\/95647?hl=es&amp;co=GENIE.Platform=Desktop<\/a><\/p>\n<p>Para m\u00e1s informaci\u00f3n sobre como bloquear el uso de la cookies a trav\u00e9s del navegador Firefox v\u00e9ase: <a href=\"https:\/\/support.mozilla.org\/es\/kb\/Deshabilitar%20cookies%20de%20terceros\">https:\/\/support.mozilla.org\/es\/kb\/Deshabilitar%20cookies%20de%20terceros<\/a><\/p>\n<p>Para m\u00e1s informaci\u00f3n sobre como bloquear el uso de las cookies a trav\u00e9s del navegador Internet Explorer v\u00e9ase: <a href=\"https:\/\/support.microsoft.com\/es-es\/windows\/eliminar-y-administrar-cookies-168dab11-0753-043d-7c16-ede5947fc64d\">https:\/\/support.microsoft.com\/es-es\/windows\/eliminar-y-administrar-cookies-168dab11-0753-043d-7c16-ede5947fc64d<\/a><\/p>\n<p>Para m\u00e1s informaci\u00f3n sobre como bloquear el uso de las cookies a trav\u00e9s del navegador Microsoft Edge v\u00e9ase: <a href=\"https:\/\/support.microsoft.com\/es-es\/help\/4027947\/microsoft-edge-delete-cookies\">https:\/\/support.microsoft.com\/es-es\/help\/4027947\/microsoft-edge-delete-cookies<\/a><\/p>\n<p>Para m\u00e1s informaci\u00f3n sobre como bloquear el uso de las cookies a trav\u00e9s del navegador Safari v\u00e9ase: <a href=\"https:\/\/support.apple.com\/es-es\/guide\/safari\/sfri11471\/mac\">https:\/\/support.apple.com\/es-es\/guide\/safari\/sfri11471\/mac<\/a><\/p>\n<p>Para acceder a la configuraci\u00f3n de cookies del navegador para dispositivos Android: <a href=\"https:\/\/support.google.com\/chrome\/answer\/95647?hl=es&amp;co=GENIE.Platform%253DAndroid\">https:\/\/support.google.com\/chrome\/answer\/95647?hl=es&amp;co=GENIE.Platform%253DAndroid<\/a><\/p>\n<p>Para acceder a la configuraci\u00f3n de cookies del navegador para dispositivos Windows Phone: <a href=\"https:\/\/support.microsoft.com\/es-es\/office\/habilitar-las-cookies-6b018d22-1d24-43d9-8543-3d35ddb2cb52\">https:\/\/support.microsoft.com\/es-es\/office\/habilitar-las-cookies-6b018d22-1d24-43d9-8543-3d35ddb2cb52<\/a><\/p>\n<p>Para m\u00e1s informaci\u00f3n sobre como bloquear el uso de las cookies a trav\u00e9s del navegador \u00d3pera v\u00e9ase: <a href=\"https:\/\/help.opera.com\/en\/latest\/web-preferences\/#cookies\">https:\/\/help.opera.com\/en\/latest\/web-preferences\/#cookies<\/a><\/p>\n<p>Adem\u00e1s, en su navegador puede activar el modo inc\u00f3gnito o privado, para borrar las cookies y el historial de navegaci\u00f3n una vez termine tu sesi\u00f3n de navegaci\u00f3n. Consulte la ayuda de su navegador para acceder a este modo.<\/p>\n<h3>Revocaci\u00f3n y eliminaci\u00f3n de cookies (por servicio ofrecido)<\/h3>\n<ul>\n<li>Para optar a no usar las cookies de Google Analytics: <br \/><a href=\"https:\/\/tools.google.com\/dlpage\/gaoptout?hl=es\">https:\/\/tools.google.com\/dlpage\/gaoptout?hl=es<\/a><\/li>\n<li>Para optar a no usar las cookies de Adobe Analytics: <br \/><a href=\"http:\/\/www.adobe.com\/es\/privacy\/opt-out.html\">http:\/\/www.adobe.com\/es\/privacy\/opt-out.html<\/a><\/li>\n<li>Para usuarios finales de Adobe. <br \/><a href=\"https:\/\/www.adobe.com\/es\/privacy\/opt-out.html#end-users\">https:\/\/www.adobe.com\/es\/privacy\/opt-out.html#end-users<\/a><\/li>\n<li>Para usuarios finales de empresas que usan Adobe Experience Cloud: <br \/><a href=\"https:\/\/www.adobe.com\/es\/privacy\/opt-out.html#customeruse\">https:\/\/www.adobe.com\/es\/privacy\/opt-out.html#customeruse<\/a><\/li>\n<\/ul>\n<p>Ghostery es una <a href=\"https:\/\/www.ghostery.com\/\">extensi\u00f3n de navegador relacionada con la privacidad y la seguridad<\/a> y una aplicaci\u00f3n de navegador m\u00f3vil.<\/p>\n<ul>\n<li><a href=\"https:\/\/chrome.google.com\/webstore\/detail\/ghostery-%25E2%2580%2593-privacy-ad-blo\/mlomiejdfkolichcflejclcbmpeaniij?hl=es\">Ghostery &#8211; Chrome <\/a> &#8211; Bloqueador para privacidad.<\/li>\n<li><a href=\"https:\/\/addons.mozilla.org\/es\/firefox\/addon\/ghostery\/\">Ghostery &#8211; Firefox <\/a>&#8211; Bloqueador para privacidad.<\/li>\n<li><a href=\"https:\/\/www.ghostery.com\/ghostery-ad-blocker-edge\">Ghostery &#8211; Microsofte Edge <\/a>&#8211; Bloqueador para privacidad.<\/li>\n<li><a href=\"https:\/\/www.ghostery.com\/ghostery-ad-blocker-safari\">Ghostery &#8211; Safari &#8211;<\/a> Bloqueador para privacidad<\/li>\n<li><a href=\"https:\/\/addons.opera.com\/es\/extensions\/details\/ghostery\/\">Ghostery &#8211; Opera &#8211;<\/a> Bloqueador para privacidad<\/li>\n<\/ul>\n<h2>Administraci\u00f3n de las cookies y otros marcadores<\/h2>\n<p>En cumplimiento de la normativa vigente, le informamos de que este sitio web utiliza cookies tanto propias como de terceros para diversas finalidades.<\/p>\n<p>Estos pueden instalarse en su terminal seg\u00fan las selecciones y opciones que haya realizado o pueda expresar en cualquier momento de acuerdo con nuestra Pol\u00edtica de Cookies, la cual hemos establecido para su informaci\u00f3n y transparencia, as\u00ed como tambi\u00e9n para que pueda obtener m\u00e1s informaci\u00f3n de:<\/p>\n<ul>\n<li>El origen y el prop\u00f3sito de la informaci\u00f3n procesada cuando navega por nuestra web.<\/li>\n<li>Sus derechos sobre cookies y otros trazadores utilizados nuestra organizaci\u00f3n.<\/li>\n<\/ul>\n<p>Como persona usuaria puede permitir, bloquear o eliminar las cookies instaladas en su navegador mediante la configuraci\u00f3n de las opciones del navegador instalado en su ordenador.<\/p>\n<p>V\u00e9ase la secci\u00f3n <strong>3. Revocaci\u00f3n y eliminaci\u00f3n de cookies por tipo de navegador<\/strong> para la gesti\u00f3n de cookies y sus opciones, teniendo en cuenta que la configuraci\u00f3n de cada navegador es diferente. Est\u00e1 descrito en el men\u00fa de ayuda en su navegador, el cual le permitir\u00e1 saber c\u00f3mo cambiar las preferencias de sus cookies.<\/p>\n<p>Algunas cookies son estrictamente necesarias para el uso del sitio Web, otras cookies (Cookies Anal\u00edticas) permiten ofrecer una experiencia en el sitio Web dependiendo de su navegaci\u00f3n. En ning\u00fan caso se almacenan datos personales a trav\u00e9s de estas cookies T\u00e9cnicas y Anal\u00edticas ) y no requieren del consentimiento expreso del usuario.<\/p>\n<p>Se garantiza al usuario que, en ning\u00fan caso, se utilizar\u00e1n para otro uso distinto al indicado.<\/p>\n<p>Hay varias formas de administrar las cookies y otros marcadores.<\/p>\n<p>Como persona usuaria puede configurar su navegador para una de tres opciones:<\/p>\n<ul>\n<li>Aceptar todas las cookies.<\/li>\n<li>Rechazar todas las cookies.<\/li>\n<li>Elegir las que acepta seg\u00fan sus emisores.<\/li>\n<\/ul>\n<p>Tambi\u00e9n puede configurar su navegador para aceptar o rechazar las cookies caso por caso antes de que se instalen.<\/p>\n<p>Se recomienda configurar por su parte como persona usuaria todos los navegadores en sus diferentes terminales y equipos u otros, tales como tablets, smartphones, ordenadores, port\u00e1tiles, etc.<\/p>\n<p>El registro de una cookie en su equipo est\u00e1 esencialmente sujeto a su voluntad, la cual puede expresar o modificar en cualquier momento sin cargo alguno a trav\u00e9s de las opciones que le ofrece su navegador.<\/p>\n<p>Si su navegador est\u00e1 configurado para aceptar cookies en su dispositivo, las cookies incrustadas en las p\u00e1ginas y el contenido que ha visto pueden almacenarse temporalmente en un \u00e1rea dedicada de su dispositivo. S\u00f3lo ser\u00e1n legibles por su transmisor.<\/p>\n<p>Por el contrario, puede configurar su navegador para que rechace las cookies. En ese sentido, se llama su atenci\u00f3n sobre el hecho de que, al configurar su navegador para rechazar cookies, ciertas caracter\u00edsticas, p\u00e1ginas y espacios en de la web no ser\u00e1n accesibles.<\/p>\n<p>Por ejemplo, si intenta acceder a nuestro contenido o servicios que requieren de su identificaci\u00f3n o si nosotros o nuestros proveedores de servicios no pueden reconocer, por razones de compatibilidad t\u00e9cnica, el tipo de navegador utilizado por su equipo, su idioma y configuraci\u00f3n de pantalla o el pa\u00eds donde se encuentra su equipo.<\/p>\n<p>No nos hacemos responsables de las consecuencias del funcionamiento degradado de nuestros servicios como resultado de la imposibilidad de que registremos o consultemos las cookies necesarias para su funcionamiento y que usted las haya rechazado o eliminado.<\/p>\n<p>La Organizaci\u00f3n considera una buena pr\u00e1ctica siguiendo las recomendaciones de la AEPD, que la validez del consentimiento prestado por una persona usuaria para el uso de una determinada cookie no tenga una duraci\u00f3n superior a 24 meses y que durante este tiempo se conserve la selecci\u00f3n realizada sobre sus preferencias, sin que se le solicite un nuevo consentimiento cada vez que visite la p\u00e1gina en cuesti\u00f3n.<\/p>\n<h2>5. Panel de configuraci\u00f3n<\/h2>\n<p>Al entrar en la p\u00e1gina se muestra un panel de configuraci\u00f3n en el que se puede aceptar o rechazar el uso de cookies. Pulsando en \u00abpersonalizar\u00bb se ver\u00e1n clasificadas en funci\u00f3n de su finalidad.<\/p>\n<h2>Revocaci\u00f3n del consentimiento<\/h2>\n<p>Para cada tipo de cookie, a excepci\u00f3n de las cookies que son estrictamente necesarias para la navegaci\u00f3n y que permanecer\u00e1n activas, ponemos a su disposici\u00f3n la opci\u00f3n de desactivarlas en funci\u00f3n de sus preferencias, haciendo clic en el bot\u00f3n flotante que encontrar\u00e1 en la esquina inferior de todas las p\u00e1ginas:<\/p>\n\n<div class=\"wp-block-image\">\n<figure class=\"aligncenter size-full\"><img loading=\"lazy\" decoding=\"async\" width=\"390\" height=\"170\" src=\"https:\/\/www.aluminiosizquierdo.es\/ai\/wp-content\/uploads\/2023\/12\/cookieyes.png\" alt=\"\" class=\"wp-image-613\" srcset=\"https:\/\/www.aluminiosizquierdo.es\/ai\/wp-content\/uploads\/2023\/12\/cookieyes.png 390w, https:\/\/www.aluminiosizquierdo.es\/ai\/wp-content\/uploads\/2023\/12\/cookieyes-300x131.png 300w\" sizes=\"auto, (max-width: 390px) 100vw, 390px\" \/><\/figure>\n<\/div>","protected":false},"excerpt":{"rendered":"<p>1. Aviso de cokies Usamos cookies propias y de terceros para mejorar nuestros servicios, elaborar informaci\u00f3n estad\u00edstica, analizar la navegaci\u00f3n de los usuarios y poder ofrecer contenidos de su inter\u00e9s. &#8230;<\/p>\n","protected":false},"author":1,"featured_media":0,"parent":0,"menu_order":0,"comment_status":"closed","ping_status":"closed","template":"","meta":{"footnotes":""},"class_list":["post-403","page","type-page","status-publish","hentry"],"_links":{"self":[{"href":"https:\/\/www.aluminiosizquierdo.es\/ai\/wp-json\/wp\/v2\/pages\/403","targetHints":{"allow":["GET"]}}],"collection":[{"href":"https:\/\/www.aluminiosizquierdo.es\/ai\/wp-json\/wp\/v2\/pages"}],"about":[{"href":"https:\/\/www.aluminiosizquierdo.es\/ai\/wp-json\/wp\/v2\/types\/page"}],"author":[{"embeddable":true,"href":"https:\/\/www.aluminiosizquierdo.es\/ai\/wp-json\/wp\/v2\/users\/1"}],"replies":[{"embeddable":true,"href":"https:\/\/www.aluminiosizquierdo.es\/ai\/wp-json\/wp\/v2\/comments?post=403"}],"version-history":[{"count":4,"href":"https:\/\/www.aluminiosizquierdo.es\/ai\/wp-json\/wp\/v2\/pages\/403\/revisions"}],"predecessor-version":[{"id":615,"href":"https:\/\/www.aluminiosizquierdo.es\/ai\/wp-json\/wp\/v2\/pages\/403\/revisions\/615"}],"wp:attachment":[{"href":"https:\/\/www.aluminiosizquierdo.es\/ai\/wp-json\/wp\/v2\/media?parent=403"}],"curies":[{"name":"wp","href":"https:\/\/api.w.org\/{rel}","templated":true}]}}