{"id":414,"date":"2018-06-21T07:33:45","date_gmt":"2018-06-21T08:33:45","guid":{"rendered":"http:\/\/www.aluminiosizquierdo.es\/ai\/?page_id=414"},"modified":"2018-06-27T16:54:15","modified_gmt":"2018-06-27T17:54:15","slug":"informacion-basica-sobre-proteccion-de-datos","status":"publish","type":"page","link":"https:\/\/www.aluminiosizquierdo.es\/ai\/informacion-basica-sobre-proteccion-de-datos\/","title":{"rendered":"Informaci\u00f3n b\u00e1sica sobre protecci\u00f3n de datos"},"content":{"rendered":"<h2>Responsable del tratamiento<\/h2>\n<p>Joaqu\u00edn Izquierdo S\u00e1nchez<\/p>\n<h2>Direcci\u00f3n del responsable<\/h2>\n<p>C\/ Torres Quevedo n\u00ba 16 y 18, CP 28936, M\u00f3stoles (Madrid)<\/p>\n<h2>Finalidad<\/h2>\n<p>Sus datos ser\u00e1n usados para poder atender sus solicitudes y prestarle nuestros servicios.<\/p>\n<h2>Publicidad<\/h2>\n<p>Solo le enviaremos publicidad con su autorizaci\u00f3n previa, que podr\u00e1 facilitarnos mediante la casilla correspondiente establecida al efecto.<\/p>\n<h2>Legitimaci\u00f3n<\/h2>\n<p>\u00danicamente trataremos sus datos con su consentimiento previo, que podr\u00e1 facilitarnos mediante la casilla correspondiente establecida al efecto.<\/p>\n<h2>Destinatarios<\/h2>\n<p>Con car\u00e1cter general, s\u00f3lo el personal de nuestra entidad que est\u00e9 debidamente autorizado podr\u00e1 tener conocimiento de la informaci\u00f3n que le pedimos.<\/p>\n<h2>Derechos<\/h2>\n<p>Tiene derecho a saber qu\u00e9 informaci\u00f3n tenemos sobre usted, corregirla y eliminarla, tal y como se explica en la informaci\u00f3n adicional disponible en nuestra p\u00e1gina web.<\/p>\n<h2>Informaci\u00f3n adicional<\/h2>\n<p>M\u00e1s informaci\u00f3n en el apartado <a href=\"https:\/\/www.aluminiosizquierdo.es\/ai\/sus-datos-seguros\/\">\u201cSUS DATOS SEGUROS\u201d<\/a> de nuestra p\u00e1gina web.<\/p>\n","protected":false},"excerpt":{"rendered":"<p>Responsable del tratamiento Joaqu\u00edn Izquierdo S\u00e1nchez Direcci\u00f3n del responsable C\/ Torres Quevedo n\u00ba 16 y 18, CP 28936, M\u00f3stoles (Madrid) Finalidad Sus datos ser\u00e1n usados para poder atender sus solicitudes &#8230;<\/p>\n","protected":false},"author":1,"featured_media":0,"parent":0,"menu_order":0,"comment_status":"closed","ping_status":"closed","template":"","meta":{"footnotes":""},"class_list":["post-414","page","type-page","status-publish","hentry"],"_links":{"self":[{"href":"https:\/\/www.aluminiosizquierdo.es\/ai\/wp-json\/wp\/v2\/pages\/414","targetHints":{"allow":["GET"]}}],"collection":[{"href":"https:\/\/www.aluminiosizquierdo.es\/ai\/wp-json\/wp\/v2\/pages"}],"about":[{"href":"https:\/\/www.aluminiosizquierdo.es\/ai\/wp-json\/wp\/v2\/types\/page"}],"author":[{"embeddable":true,"href":"https:\/\/www.aluminiosizquierdo.es\/ai\/wp-json\/wp\/v2\/users\/1"}],"replies":[{"embeddable":true,"href":"https:\/\/www.aluminiosizquierdo.es\/ai\/wp-json\/wp\/v2\/comments?post=414"}],"version-history":[{"count":7,"href":"https:\/\/www.aluminiosizquierdo.es\/ai\/wp-json\/wp\/v2\/pages\/414\/revisions"}],"predecessor-version":[{"id":451,"href":"https:\/\/www.aluminiosizquierdo.es\/ai\/wp-json\/wp\/v2\/pages\/414\/revisions\/451"}],"wp:attachment":[{"href":"https:\/\/www.aluminiosizquierdo.es\/ai\/wp-json\/wp\/v2\/media?parent=414"}],"curies":[{"name":"wp","href":"https:\/\/api.w.org\/{rel}","templated":true}]}}