{"id":625,"date":"2024-06-07T14:45:00","date_gmt":"2024-06-07T15:45:00","guid":{"rendered":"https:\/\/www.aluminiosizquierdo.es\/ai\/?page_id=625"},"modified":"2024-08-20T13:03:44","modified_gmt":"2024-08-20T14:03:44","slug":"pvc","status":"publish","type":"page","link":"https:\/\/www.aluminiosizquierdo.es\/ai\/pvc\/","title":{"rendered":"PVC"},"content":{"rendered":"<div class=\"wp-block-image\">\n<figure class=\"alignleft\"><img decoding=\"async\" src=\"https:\/\/www.aluminiosizquierdo.es\/ai\/wp-content\/uploads\/2017\/10\/Deceuninck_logo-rgb-reducido.jpg\" alt=\"\"\/><\/figure>\n<\/div>\n\n\n<h2 class=\"wp-block-heading\">ABATIBLES<\/h2>\n\n\n\n<div class=\"wp-block-group\"><div class=\"wp-block-group__inner-container is-layout-constrained wp-block-group-is-layout-constrained\">\n<h2 class=\"wp-block-heading\">Elegant Infinity Thermofibra<\/h2>\n\n\n\n<div class=\"wp-block-media-text is-stacked-on-mobile\"><figure class=\"wp-block-media-text__media\"><img loading=\"lazy\" decoding=\"async\" width=\"1024\" height=\"768\" src=\"https:\/\/www.aluminiosizquierdo.es\/ai\/wp-content\/uploads\/2024\/06\/FOTO-ELEGANT-INFINITY-THERMOFIBRA-REFUERZO-DE-ACERO-EN-MARCO2-1024x768.webp\" alt=\"\" class=\"wp-image-728 size-full\" srcset=\"https:\/\/www.aluminiosizquierdo.es\/ai\/wp-content\/uploads\/2024\/06\/FOTO-ELEGANT-INFINITY-THERMOFIBRA-REFUERZO-DE-ACERO-EN-MARCO2-1024x768.webp 1024w, https:\/\/www.aluminiosizquierdo.es\/ai\/wp-content\/uploads\/2024\/06\/FOTO-ELEGANT-INFINITY-THERMOFIBRA-REFUERZO-DE-ACERO-EN-MARCO2-300x225.webp 300w, https:\/\/www.aluminiosizquierdo.es\/ai\/wp-content\/uploads\/2024\/06\/FOTO-ELEGANT-INFINITY-THERMOFIBRA-REFUERZO-DE-ACERO-EN-MARCO2-768x576.webp 768w, https:\/\/www.aluminiosizquierdo.es\/ai\/wp-content\/uploads\/2024\/06\/FOTO-ELEGANT-INFINITY-THERMOFIBRA-REFUERZO-DE-ACERO-EN-MARCO2.webp 1157w\" sizes=\"auto, (max-width: 1024px) 100vw, 1024px\" \/><\/figure><div class=\"wp-block-media-text__content\">\n<p>Tecnolog\u00eda, dise\u00f1o, y prestaciones en su m\u00e1xima expresi\u00f3n.<\/p>\n\n\n\n<p>Con la nueva serie Elegant Deceuninck, presenta el \u00faltimo concepto de ventana. La serie sorprende por su alta tecnolog\u00eda y versatilidad de sus perfiles. El resultado final, un dise\u00f1o \u00fanico y exclusivo nunca antes visto en el mercado.<\/p>\n<\/div><\/div>\n\n\n\n<div style=\"height:10px\" aria-hidden=\"true\" class=\"wp-block-spacer\"><\/div>\n\n\n\n<div class=\"wp-block-media-text is-stacked-on-mobile\"><figure class=\"wp-block-media-text__media\"><img loading=\"lazy\" decoding=\"async\" width=\"1024\" height=\"768\" src=\"https:\/\/www.aluminiosizquierdo.es\/ai\/wp-content\/uploads\/2024\/06\/FOTO-PERFIL-ELEGANT-INFINITY-THERMOFIBRA-CON-Forthex-1-1024x768.webp\" alt=\"\" class=\"wp-image-636 size-full\" srcset=\"https:\/\/www.aluminiosizquierdo.es\/ai\/wp-content\/uploads\/2024\/06\/FOTO-PERFIL-ELEGANT-INFINITY-THERMOFIBRA-CON-Forthex-1-1024x768.webp 1024w, https:\/\/www.aluminiosizquierdo.es\/ai\/wp-content\/uploads\/2024\/06\/FOTO-PERFIL-ELEGANT-INFINITY-THERMOFIBRA-CON-Forthex-1-300x225.webp 300w, https:\/\/www.aluminiosizquierdo.es\/ai\/wp-content\/uploads\/2024\/06\/FOTO-PERFIL-ELEGANT-INFINITY-THERMOFIBRA-CON-Forthex-1-768x576.webp 768w, https:\/\/www.aluminiosizquierdo.es\/ai\/wp-content\/uploads\/2024\/06\/FOTO-PERFIL-ELEGANT-INFINITY-THERMOFIBRA-CON-Forthex-1-1536x1152.webp 1536w, https:\/\/www.aluminiosizquierdo.es\/ai\/wp-content\/uploads\/2024\/06\/FOTO-PERFIL-ELEGANT-INFINITY-THERMOFIBRA-CON-Forthex-1-2048x1536.webp 2048w\" sizes=\"auto, (max-width: 1024px) 100vw, 1024px\" \/><\/figure><div class=\"wp-block-media-text__content\">\n<p> Los perfiles son m\u00e1s esbeltos y modernos, consiguiendo como resultado final un estilo verdaderamente \u00fanico.<\/p>\n\n\n\n<ul class=\"wp-block-list\">\n<li>Minimalismo con m\u00e1ximas prestaciones.<\/li>\n\n\n\n<li>Thermofibra y forthex. Aislamiento m\u00e1ximo.<\/li>\n\n\n\n<li>Seguridad, confort y ahorro energ\u00e9tico.<\/li>\n<\/ul>\n<\/div><\/div>\n\n\n\n<div style=\"height:10px\" aria-hidden=\"true\" class=\"wp-block-spacer\"><\/div>\n\n\n\n<p><a href=\"https:\/\/www.aluminiosizquierdo.es\/ai\/wp-content\/uploads\/2024\/06\/Ficha-ventana-Elegant-infinity-thermofibra-refuerzo-forthex.pdf\">Ficha elegant thermofibra marco reforzado Forthex<\/a><\/p>\n\n\n\n<p><a href=\"https:\/\/www.aluminiosizquierdo.es\/ai\/wp-content\/uploads\/2024\/06\/Ficha-ventana-Elegant-Thermofibra-76-refuerzo-marco-17232.pdf\">Ficha elegant thermofibra marco refuerzo con acero<\/a><\/p>\n<\/div><\/div>\n\n\n\n<h2 class=\"wp-block-heading\">SISTEMAS DESLIZANTES<\/h2>\n\n\n\n<div class=\"wp-block-group\"><div class=\"wp-block-group__inner-container is-layout-constrained wp-block-group-is-layout-constrained\">\n<h2 class=\"wp-block-heading\">Oscilo-Paralela &#8211; soluciones para grandes espacios<\/h2>\n\n\n\n<div class=\"wp-block-media-text is-stacked-on-mobile\"><figure class=\"wp-block-media-text__media\"><img loading=\"lazy\" decoding=\"async\" width=\"424\" height=\"300\" src=\"https:\/\/www.aluminiosizquierdo.es\/ai\/wp-content\/uploads\/2017\/10\/osciloparalela.png\" alt=\"\" class=\"wp-image-311 size-full\" srcset=\"https:\/\/www.aluminiosizquierdo.es\/ai\/wp-content\/uploads\/2017\/10\/osciloparalela.png 424w, https:\/\/www.aluminiosizquierdo.es\/ai\/wp-content\/uploads\/2017\/10\/osciloparalela-300x212.png 300w\" sizes=\"auto, (max-width: 424px) 100vw, 424px\" \/><\/figure><div class=\"wp-block-media-text__content\">\n<p>Los sistemas de puertas osciloparalelas, utilizan sistemas practicables que gracias a un herraje especial, hace que la hoja se deslice lateralmente sobre unos carriles. Con la hoja cerrada, la carpinter\u00eda se comporta igual que en un sistema practicable, teniendo los mismos valores de aislamiento t\u00e9rmico y ac\u00fastico que este, por lo que podemos decir, que es una soluci\u00f3n que aporta m\u00e1s prestaciones que una corredera est\u00e1ndar.<\/p>\n<\/div><\/div>\n\n\n\n<p><a href=\"https:\/\/www.aluminiosizquierdo.es\/ai\/wp-content\/uploads\/2024\/06\/ficha-Osciloparalelas.pdf\">Ficha Oscilo-Paralela<\/a><\/p>\n<\/div><\/div>\n\n\n\n<div class=\"wp-block-group\"><div class=\"wp-block-group__inner-container is-layout-constrained wp-block-group-is-layout-constrained\">\n<h2 class=\"wp-block-heading\">Elevadora HS76 \u2013maxi huecos<\/h2>\n\n\n\n<div class=\"wp-block-media-text is-stacked-on-mobile\"><figure class=\"wp-block-media-text__media\"><img loading=\"lazy\" decoding=\"async\" width=\"431\" height=\"300\" src=\"https:\/\/www.aluminiosizquierdo.es\/ai\/wp-content\/uploads\/2017\/10\/elevable.jpg\" alt=\"\" class=\"wp-image-317 size-full\" srcset=\"https:\/\/www.aluminiosizquierdo.es\/ai\/wp-content\/uploads\/2017\/10\/elevable.jpg 431w, https:\/\/www.aluminiosizquierdo.es\/ai\/wp-content\/uploads\/2017\/10\/elevable-300x209.jpg 300w\" sizes=\"auto, (max-width: 431px) 100vw, 431px\" \/><\/figure><div class=\"wp-block-media-text__content\">\n<p>La acci\u00f3n de apertura se divide en dos movimientos. Solamente despu\u00e9s de ser elevada la hoja del marco inferior puede ser desplazada lateralmente. Con este principio se pueden alcanzar dimensiones de m\u00e1s de 3 metros de apertura de hoja. Gracias a sus herrajes especiales, destaca de este sistema la facilidad con el que la hoja se desliza con un suave empuje. Posibilidad de solera con tan s\u00f3lo 20 mm de altura.<\/p>\n<\/div><\/div>\n\n\n\n<ul class=\"wp-block-list\">\n<li>Aislantes, hasta Uw = 1.41 W\/m<sub>2<\/sub>.K<\/li>\n\n\n\n<li>Movimiento suave de elevadora corredera<\/li>\n\n\n\n<li>Apto para acristalamiento de hasta 42 mm<\/li>\n<\/ul>\n\n\n\n<p><a href=\"https:\/\/www.aluminiosizquierdo.es\/ai\/wp-content\/uploads\/2024\/06\/Elevadoras.pdf\">Ficha Elevadora HS76<\/a><\/p>\n<\/div><\/div>\n\n\n\n<div class=\"wp-block-group\"><div class=\"wp-block-group__inner-container is-layout-constrained wp-block-group-is-layout-constrained\">\n<h2 class=\"wp-block-heading\">Tecnocor &#8211; la soluci\u00f3n para el espacio interior<\/h2>\n\n\n\n<div class=\"wp-block-media-text is-stacked-on-mobile\"><figure class=\"wp-block-media-text__media\"><img loading=\"lazy\" decoding=\"async\" width=\"300\" height=\"450\" src=\"https:\/\/www.aluminiosizquierdo.es\/ai\/wp-content\/uploads\/2017\/10\/tecnocor.jpg\" alt=\"\" class=\"wp-image-320 size-full\" srcset=\"https:\/\/www.aluminiosizquierdo.es\/ai\/wp-content\/uploads\/2017\/10\/tecnocor.jpg 300w, https:\/\/www.aluminiosizquierdo.es\/ai\/wp-content\/uploads\/2017\/10\/tecnocor-200x300.jpg 200w\" sizes=\"auto, (max-width: 300px) 100vw, 300px\" \/><\/figure><div class=\"wp-block-media-text__content\">\n<p>Si no dispone de espacio no renuncie a disfrutar de las prestaciones de una buena ventana. El sistema deslizante Tecnocor le permite instalar ventanas o puertas deslizantes de 2, 3, 4 o 6 hojas gracias a sus marcos de 2 o 3 carriles. Ahorran energ\u00eda, a\u00edslan del ruido, dan seguridad y son aislantes.<\/p>\n<\/div><\/div>\n\n\n\n<ul class=\"wp-block-list\">\n<li>Aislantes, hasta Uw = 1.62 W\/m<sub>2<\/sub>.K<\/li>\n\n\n\n<li>Marco para 2 \u00f3 3 carriles<\/li>\n\n\n\n<li>Para ventanas y puertas balconeras<\/li>\n\n\n\n<li>Apto para acristalamiento de hasta 29 mm<\/li>\n\n\n\n<li>Aislamiento ac\u00fastico<\/li>\n\n\n\n<li>M\u00ednimo mantenimiento<\/li>\n\n\n\n<li>Larga vida \u00fatil<\/li>\n\n\n\n<li>Si no dispone de espacio no renuncie a disfrutar de las prestaciones de una buena ventana. El sistema deslizante Tecnocor le permite instalar ventanas o puertas deslizantes de 2, 3, 4 o 6 hojas gracias a sus marcos de 2 \u00f3 3 carriles, sin perder ni un \u00e1pice de la superficie interior de su sal\u00f3n o habitaci\u00f3n. Y todo ello con una agradable est\u00e9tica gracias a su refinado dise\u00f1o<\/li>\n\n\n\n<li>Su capacidad para alojar cristales de hasta 29 mm le permitir\u00e1n disfrutar de un aislamiento t\u00e9rmico y ac\u00fastico muy superior a lo que se espera de ventanas o puertas deslizantes<\/li>\n<\/ul>\n\n\n\n<p><a href=\"https:\/\/www.aluminiosizquierdo.es\/ai\/wp-content\/uploads\/2017\/10\/DECEUNINCK-Ficha-Tecnocor.pdf\">Ficha Tecnocor<\/a><\/p>\n<\/div><\/div>\n\n\n\n<div class=\"wp-block-group\"><div class=\"wp-block-group__inner-container is-layout-constrained wp-block-group-is-layout-constrained\">\n<h2 class=\"wp-block-heading\">iSlide Neo &#8211; m\u00e1ximas prestaciones con perfiles m\u00e1s esbeltos<\/h2>\n\n\n\n<div class=\"wp-block-media-text is-stacked-on-mobile\"><figure class=\"wp-block-media-text__media\"><img loading=\"lazy\" decoding=\"async\" width=\"533\" height=\"300\" src=\"https:\/\/www.aluminiosizquierdo.es\/ai\/wp-content\/uploads\/2017\/10\/DECEUNINCK-iSlide_neo-Blanco.png\" alt=\"\" class=\"wp-image-322 size-full\" srcset=\"https:\/\/www.aluminiosizquierdo.es\/ai\/wp-content\/uploads\/2017\/10\/DECEUNINCK-iSlide_neo-Blanco.png 533w, https:\/\/www.aluminiosizquierdo.es\/ai\/wp-content\/uploads\/2017\/10\/DECEUNINCK-iSlide_neo-Blanco-300x169.png 300w\" sizes=\"auto, (max-width: 533px) 100vw, 533px\" \/><\/figure><div class=\"wp-block-media-text__content\">\n<p>iSlide#neo es el sistema deslizante que pone de manifiesto las prestaciones de aislamiento y rigidez de la fibra de vidrio continua. Con el nuevo sistema deslizante de Thermofibra Deceuninck iSlide#neo ya se puede acceder al referente del mercado ofreciendo sistemas de 2 y 3 carriles con posibilidades de hasta 6 hojas. Posibilidad de solera con tan s\u00f3lo 20 mm de altura.<\/p>\n<\/div><\/div>\n\n\n\n<ul class=\"wp-block-list\">\n<li>Aislantes, hasta uf = 1,4 w\/m\u00b2k<\/li>\n\n\n\n<li>S\u00f3lo 35 mm de secci\u00f3n central vista<\/li>\n\n\n\n<li>Marco de 2 o 3 carriles<\/li>\n\n\n\n<li>Para ventanas y puertas balconeras<\/li>\n\n\n\n<li>Apto para acristalamiento de 24 y 28 mm<\/li>\n<\/ul>\n\n\n\n<p><a href=\"https:\/\/www.aluminiosizquierdo.es\/ai\/wp-content\/uploads\/2024\/06\/Islide-a4-.pdf\">Ficha iSlide Neo<\/a><\/p>\n<\/div><\/div>\n\n\n\n<div class=\"wp-block-group\"><div class=\"wp-block-group__inner-container is-layout-constrained wp-block-group-is-layout-constrained\">\n<h2 class=\"wp-block-heading\">OpenMAX Premium &#8211; apertura deslizante multihoja<\/h2>\n\n\n\n<div class=\"wp-block-media-text is-stacked-on-mobile\"><figure class=\"wp-block-media-text__media\"><img loading=\"lazy\" decoding=\"async\" width=\"451\" height=\"300\" src=\"https:\/\/www.aluminiosizquierdo.es\/ai\/wp-content\/uploads\/2017\/10\/open-max-1.jpg\" alt=\"Solo una hoja abatible abierta.\" class=\"wp-image-328 size-full\" srcset=\"https:\/\/www.aluminiosizquierdo.es\/ai\/wp-content\/uploads\/2017\/10\/open-max-1.jpg 451w, https:\/\/www.aluminiosizquierdo.es\/ai\/wp-content\/uploads\/2017\/10\/open-max-1-300x200.jpg 300w\" sizes=\"auto, (max-width: 451px) 100vw, 451px\" \/><\/figure><div class=\"wp-block-media-text__content\">\n<p>Con OpenMAX Premium se abre una nueva generaci\u00f3n multi-hoja que como su nombre indica, multiplica y maximiza el espacio en la vivienda. Cada hoja se coloca y desliza de manera \u00fanica e independiente, transformando las estancias y organizando salidas al jard\u00edn o terraza. A diferencia del tradicional sistema plegable, OpenMAX Premium pasa desapercibido en el interior pero no en el exterior, creando una amplitud sin igual que no le dejar\u00e1 indiferente.<\/p>\n<\/div><\/div>\n\n\n\n<div style=\"height:10px\" aria-hidden=\"true\" class=\"wp-block-spacer\"><\/div>\n\n\n\n<div class=\"wp-block-media-text is-stacked-on-mobile\"><figure class=\"wp-block-media-text__media\"><img loading=\"lazy\" decoding=\"async\" width=\"451\" height=\"300\" src=\"https:\/\/www.aluminiosizquierdo.es\/ai\/wp-content\/uploads\/2017\/10\/open-max-2.jpg\" alt=\"Correderas parcialmente abiertas.\" class=\"wp-image-327 size-full\" srcset=\"https:\/\/www.aluminiosizquierdo.es\/ai\/wp-content\/uploads\/2017\/10\/open-max-2.jpg 451w, https:\/\/www.aluminiosizquierdo.es\/ai\/wp-content\/uploads\/2017\/10\/open-max-2-300x200.jpg 300w\" sizes=\"auto, (max-width: 451px) 100vw, 451px\" \/><\/figure><div class=\"wp-block-media-text__content\">\n<p>Ahorran energ\u00eda, a\u00edslan del ruido, dan seguridad y son aislantes. Las hojas de las ventanas OpenMAX Premium se abren de manera independiente, resultando muy \u00fatil y c\u00f3modo la limpieza de las mismas, al igual que la ventilaci\u00f3n. La seguridad que nos ofrecen las ventanas OpenMAX Premium, tambi\u00e9n es m\u00e1xima; mucho mayor que la que obtenemos con una plegable cl\u00e1sica. Una vez que cerradas, funcionan como un tabique, creando una pared s\u00f3lida y segura. 7 ventajas m\u00e1ximas para OpenMAX Premium.<\/p>\n<\/div><\/div>\n\n\n\n<div class=\"wp-block-media-text is-stacked-on-mobile\"><figure class=\"wp-block-media-text__media\"><img loading=\"lazy\" decoding=\"async\" width=\"451\" height=\"300\" src=\"https:\/\/www.aluminiosizquierdo.es\/ai\/wp-content\/uploads\/2017\/10\/open-max-3.jpg\" alt=\"Todas las hojas recogidas a un lado.\" class=\"wp-image-326 size-full\" srcset=\"https:\/\/www.aluminiosizquierdo.es\/ai\/wp-content\/uploads\/2017\/10\/open-max-3.jpg 451w, https:\/\/www.aluminiosizquierdo.es\/ai\/wp-content\/uploads\/2017\/10\/open-max-3-300x200.jpg 300w\" sizes=\"auto, (max-width: 451px) 100vw, 451px\" \/><\/figure><div class=\"wp-block-media-text__content\">\n<ul class=\"wp-block-list\" id=\"block-ed663ad8-f384-48f4-8977-95b04451a93d\">\n<li>L\u00edneas sencillas que pasan desapercibidas<\/li>\n\n\n\n<li>F\u00e1cil apertura; sistema deslizante multi-hoja<\/li>\n\n\n\n<li>M\u00e1ximo espacio en la vivienda, tanto dentro como fuera<\/li>\n\n\n\n<li>M\u00e1ximo aislamiento t\u00e9rmico<\/li>\n\n\n\n<li>M\u00e1xima eficiencia energ\u00e9tica. Perfiles Zendow Neo Premium de 5 c\u00e1maras<\/li>\n\n\n\n<li>M\u00e1ximo aislamiento ac\u00fastico, permite v\u00eddrios de hasta 54 mm<\/li>\n\n\n\n<li>M\u00e1xima seguridad<\/li>\n<\/ul>\n<\/div><\/div>\n\n\n\n<div style=\"height:10px\" aria-hidden=\"true\" class=\"wp-block-spacer\"><\/div>\n\n\n\n<p><a href=\"https:\/\/www.aluminiosizquierdo.es\/ai\/wp-content\/uploads\/2024\/06\/Open-Max.pdf\">Ficha OpenMax Premium<\/a><\/p>\n<\/div><\/div>\n\n\n\n<h2 class=\"wp-block-heading\">Mantenimiento<\/h2>\n\n\n\n<ul class=\"wp-block-list\">\n<li>Tan s\u00f3lo es necesario lavar los perfiles con agua y jab\u00f3n, nunca en seco. Como jab\u00f3n se puede utilizar detergente l\u00edquido de uso dom\u00e9stico como el utilizado para la vajilla. Nunca use detergentes en polvo ya que pueden rayar la superficie del perfil. Se recomienda el uso de un pa\u00f1o limpio.<\/li>\n\n\n\n<li>No usar productos de limpieza que contengan sustancias agresivas, abrasivas, solventes o productos arom\u00e1ticos (acetona, trementina, white spirit \u2026).<\/li>\n\n\n\n<li>Se recomienda hacer un mantenimiento anual de los herrajes y las juntas de estanquidad utilizando el kit de mantenimiento Deceuninck. Este kit contiene productos especialmente dise\u00f1ados para el mantenimiento de las juntas, herrajes y perfiles de dif\u00edcil limpieza.<\/li>\n\n\n\n<li>Nunca cepillar los perfiles.<\/li>\n<\/ul>\n","protected":false},"excerpt":{"rendered":"<p>ABATIBLES Elegant Infinity Thermofibra Tecnolog\u00eda, dise\u00f1o, y prestaciones en su m\u00e1xima expresi\u00f3n. Con la nueva serie Elegant Deceuninck, presenta el \u00faltimo concepto de ventana. La serie sorprende por su alta &#8230;<\/p>\n","protected":false},"author":1,"featured_media":0,"parent":0,"menu_order":0,"comment_status":"closed","ping_status":"closed","template":"template-only-hero.php","meta":{"footnotes":""},"class_list":["post-625","page","type-page","status-publish","hentry"],"_links":{"self":[{"href":"https:\/\/www.aluminiosizquierdo.es\/ai\/wp-json\/wp\/v2\/pages\/625","targetHints":{"allow":["GET"]}}],"collection":[{"href":"https:\/\/www.aluminiosizquierdo.es\/ai\/wp-json\/wp\/v2\/pages"}],"about":[{"href":"https:\/\/www.aluminiosizquierdo.es\/ai\/wp-json\/wp\/v2\/types\/page"}],"author":[{"embeddable":true,"href":"https:\/\/www.aluminiosizquierdo.es\/ai\/wp-json\/wp\/v2\/users\/1"}],"replies":[{"embeddable":true,"href":"https:\/\/www.aluminiosizquierdo.es\/ai\/wp-json\/wp\/v2\/comments?post=625"}],"version-history":[{"count":18,"href":"https:\/\/www.aluminiosizquierdo.es\/ai\/wp-json\/wp\/v2\/pages\/625\/revisions"}],"predecessor-version":[{"id":767,"href":"https:\/\/www.aluminiosizquierdo.es\/ai\/wp-json\/wp\/v2\/pages\/625\/revisions\/767"}],"wp:attachment":[{"href":"https:\/\/www.aluminiosizquierdo.es\/ai\/wp-json\/wp\/v2\/media?parent=625"}],"curies":[{"name":"wp","href":"https:\/\/api.w.org\/{rel}","templated":true}]}}