{"id":661,"date":"2024-06-12T07:38:07","date_gmt":"2024-06-12T08:38:07","guid":{"rendered":"https:\/\/www.aluminiosizquierdo.es\/ai\/?page_id=661"},"modified":"2024-08-19T16:03:19","modified_gmt":"2024-08-19T17:03:19","slug":"persianas-y-mosquiteras","status":"publish","type":"page","link":"https:\/\/www.aluminiosizquierdo.es\/ai\/persianas-y-mosquiteras\/","title":{"rendered":"Persianas y mosquiteras"},"content":{"rendered":"\n<div class=\"wp-block-group\"><div class=\"wp-block-group__inner-container is-layout-constrained wp-block-group-is-layout-constrained\">\n<h2 class=\"wp-block-heading\">Protex 2.0.<\/h2>\n\n\n\n<div class=\"wp-block-media-text is-stacked-on-mobile\"><figure class=\"wp-block-media-text__media\"><img loading=\"lazy\" decoding=\"async\" width=\"651\" height=\"1024\" src=\"https:\/\/www.aluminiosizquierdo.es\/ai\/wp-content\/uploads\/2024\/06\/FOTO-PROTEX-2.0-651x1024.jpg\" alt=\"\" class=\"wp-image-665 size-full\" srcset=\"https:\/\/www.aluminiosizquierdo.es\/ai\/wp-content\/uploads\/2024\/06\/FOTO-PROTEX-2.0-651x1024.jpg 651w, https:\/\/www.aluminiosizquierdo.es\/ai\/wp-content\/uploads\/2024\/06\/FOTO-PROTEX-2.0-191x300.jpg 191w, https:\/\/www.aluminiosizquierdo.es\/ai\/wp-content\/uploads\/2024\/06\/FOTO-PROTEX-2.0-768x1209.jpg 768w, https:\/\/www.aluminiosizquierdo.es\/ai\/wp-content\/uploads\/2024\/06\/FOTO-PROTEX-2.0-976x1536.jpg 976w, https:\/\/www.aluminiosizquierdo.es\/ai\/wp-content\/uploads\/2024\/06\/FOTO-PROTEX-2.0-1301x2048.jpg 1301w, https:\/\/www.aluminiosizquierdo.es\/ai\/wp-content\/uploads\/2024\/06\/FOTO-PROTEX-2.0.jpg 1576w\" sizes=\"auto, (max-width: 651px) 100vw, 651px\" \/><\/figure><div class=\"wp-block-media-text__content\">\n<p>PROtex 2,0 es el primer caj\u00f3n de persiana certificado Passive House. Sus altos valores de estanquidad superan cualquier expectativa para este tipo de material. Con PROtex 2,0 dotar\u00e1s al conjunto del cerramiento de las m\u00e1ximas prestaciones para un aislamiento y estanquidad perfecto.<\/p>\n\n\n\n<ul class=\"wp-block-list\">\n<li>Certificado passive house<\/li>\n\n\n\n<li>Aislamiento t\u00e9rmico excepcional<\/li>\n\n\n\n<li>M\u00e1xima atenuaci\u00f3n ac\u00fastica<\/li>\n\n\n\n<li>Dise\u00f1o innovador<\/li>\n<\/ul>\n\n\n\n<p><a href=\"https:\/\/www.aluminiosizquierdo.es\/ai\/wp-content\/uploads\/2024\/06\/Ficha-Protex-20.pdf\">Ficha Protex 2.0<\/a><\/p>\n<\/div><\/div>\n<\/div><\/div>\n\n\n\n<div class=\"wp-block-group\"><div class=\"wp-block-group__inner-container is-layout-constrained wp-block-group-is-layout-constrained\">\n<h2 class=\"wp-block-heading\">Cajones decorativos.<\/h2>\n\n\n\n<div class=\"wp-block-media-text is-stacked-on-mobile\"><figure class=\"wp-block-media-text__media\"><img loading=\"lazy\" decoding=\"async\" width=\"970\" height=\"970\" src=\"https:\/\/www.aluminiosizquierdo.es\/ai\/wp-content\/uploads\/2024\/06\/FOTO-CAJON-DECORATIVO.jpg\" alt=\"\" class=\"wp-image-667 size-full\" srcset=\"https:\/\/www.aluminiosizquierdo.es\/ai\/wp-content\/uploads\/2024\/06\/FOTO-CAJON-DECORATIVO.jpg 970w, https:\/\/www.aluminiosizquierdo.es\/ai\/wp-content\/uploads\/2024\/06\/FOTO-CAJON-DECORATIVO-300x300.jpg 300w, https:\/\/www.aluminiosizquierdo.es\/ai\/wp-content\/uploads\/2024\/06\/FOTO-CAJON-DECORATIVO-150x150.jpg 150w, https:\/\/www.aluminiosizquierdo.es\/ai\/wp-content\/uploads\/2024\/06\/FOTO-CAJON-DECORATIVO-768x768.jpg 768w\" sizes=\"auto, (max-width: 970px) 100vw, 970px\" \/><\/figure><div class=\"wp-block-media-text__content\">\n<p>Caj\u00f3n extrusionado en pvc (Y PERFIL SUPERIOR TIPO \u00abU\u00bb) con perfiles de c\u00e1mara aislante y doble tabique para sistemas compactos, se fabrica para carpinter\u00eda de pvc y carpinter\u00eda de aluminio enrasado, con la posibilidad en ambos casos de hacerlo con tapa decorativa. Sus posibilidades ofrecen revestirlo con FILM vin\u00edlico para exteriores o para interiores, igual a las carpinter\u00edas de pvc.<\/p>\n\n\n\n<ul class=\"wp-block-list\">\n<li>155 mm<\/li>\n\n\n\n<li>185 mm<\/li>\n\n\n\n<li>200 mm<\/li>\n\n\n\n<li>225 mm<\/li>\n<\/ul>\n<\/div><\/div>\n<\/div><\/div>\n\n\n\n<div class=\"wp-block-group\"><div class=\"wp-block-group__inner-container is-layout-constrained wp-block-group-is-layout-constrained\">\n<h2 class=\"wp-block-heading\">Lama de aluminio t\u00e9rmico curva de 43 mm<\/h2>\n\n\n\n<div class=\"wp-block-media-text is-stacked-on-mobile\"><figure class=\"wp-block-media-text__media\"><img loading=\"lazy\" decoding=\"async\" width=\"300\" height=\"300\" src=\"https:\/\/www.aluminiosizquierdo.es\/ai\/wp-content\/uploads\/2017\/10\/lamaalu43.png\" alt=\"Lama aluminio t\u00e9rmico.\" class=\"wp-image-363 size-full\" srcset=\"https:\/\/www.aluminiosizquierdo.es\/ai\/wp-content\/uploads\/2017\/10\/lamaalu43.png 300w, https:\/\/www.aluminiosizquierdo.es\/ai\/wp-content\/uploads\/2017\/10\/lamaalu43-150x150.png 150w\" sizes=\"auto, (max-width: 300px) 100vw, 300px\" \/><\/figure><div class=\"wp-block-media-text__content\">\n<p>Lama de aluminio t\u00e9rmico de 43mm. curvada disponible en una amplia gama de colores de la carta RAL\u00ae y Maderas. Ancho M\u00e1ximo: 2,60 M. Peso M<sup>2<\/sup>: 2.60 Kg.<\/p>\n<\/div><\/div>\n<\/div><\/div>\n\n\n\n<div class=\"wp-block-group\"><div class=\"wp-block-group__inner-container is-layout-constrained wp-block-group-is-layout-constrained\">\n<h2 class=\"wp-block-heading\">Pa\u00f1o de seguridad de 80 mm autoblocante<\/h2>\n\n\n\n<div class=\"wp-block-media-text is-stacked-on-mobile\"><figure class=\"wp-block-media-text__media\"><img loading=\"lazy\" decoding=\"async\" width=\"302\" height=\"210\" src=\"https:\/\/www.aluminiosizquierdo.es\/ai\/wp-content\/uploads\/2020\/12\/pano-autoblocante.png\" alt=\"\" class=\"wp-image-464 size-full\" srcset=\"https:\/\/www.aluminiosizquierdo.es\/ai\/wp-content\/uploads\/2020\/12\/pano-autoblocante.png 302w, https:\/\/www.aluminiosizquierdo.es\/ai\/wp-content\/uploads\/2020\/12\/pano-autoblocante-300x209.png 300w\" sizes=\"auto, (max-width: 302px) 100vw, 302px\" \/><\/figure><div class=\"wp-block-media-text__content\">\n<p>Compuesto por lama de seguridad autoblocante de 80 mm, gusanillo y remate. Disponible en todos los colores de la carta RAL\u00ae y Maderas. Ancho m\u00e1ximo aconsejable: 4.50 m. Superficie m\u00e1xima aconsejable: 15.00 m<sup>2<\/sup>. Peso M<sup>2<\/sup>: 12.00 kg.<\/p>\n<\/div><\/div>\n<\/div><\/div>\n\n\n\n<div class=\"wp-block-group\"><div class=\"wp-block-group__inner-container is-layout-constrained wp-block-group-is-layout-constrained\">\n<h2 class=\"wp-block-heading\">Pa\u00f1o de seguridad de 45 mm autoblocante<\/h2>\n\n\n\n<div class=\"wp-block-media-text is-stacked-on-mobile\"><figure class=\"wp-block-media-text__media\"><img loading=\"lazy\" decoding=\"async\" width=\"302\" height=\"225\" src=\"https:\/\/www.aluminiosizquierdo.es\/ai\/wp-content\/uploads\/2020\/12\/pano-45-autoblocante.png\" alt=\"\" class=\"wp-image-465 size-full\" srcset=\"https:\/\/www.aluminiosizquierdo.es\/ai\/wp-content\/uploads\/2020\/12\/pano-45-autoblocante.png 302w, https:\/\/www.aluminiosizquierdo.es\/ai\/wp-content\/uploads\/2020\/12\/pano-45-autoblocante-300x224.png 300w\" sizes=\"auto, (max-width: 302px) 100vw, 302px\" \/><\/figure><div class=\"wp-block-media-text__content\">\n<p>Compuesto por lama de seguridad autoblocante de 45 mm compuesta, gusanillo y remate. Disponible en todos los colores de la carta RAL\u00ae y Maderas. Ancho m\u00e1ximo aconsejable: 3.50 m. Superficie m\u00e1xima aconsejable: 10.00 m<sup>2<\/sup>. Peso M<sup>2<\/sup>: 10.00 kg.<\/p>\n<\/div><\/div>\n<\/div><\/div>\n\n\n\n<div class=\"wp-block-group\"><div class=\"wp-block-group__inner-container is-layout-constrained wp-block-group-is-layout-constrained\">\n<h2 class=\"wp-block-heading\">Pa\u00f1o de seguridad de 40 mm miniblocante<\/h2>\n\n\n\n<div class=\"wp-block-media-text is-stacked-on-mobile\"><figure class=\"wp-block-media-text__media\"><img loading=\"lazy\" decoding=\"async\" width=\"302\" height=\"225\" src=\"https:\/\/www.aluminiosizquierdo.es\/ai\/wp-content\/uploads\/2020\/12\/pano-40-miniblocante.png\" alt=\"\" class=\"wp-image-467 size-full\" srcset=\"https:\/\/www.aluminiosizquierdo.es\/ai\/wp-content\/uploads\/2020\/12\/pano-40-miniblocante.png 302w, https:\/\/www.aluminiosizquierdo.es\/ai\/wp-content\/uploads\/2020\/12\/pano-40-miniblocante-300x224.png 300w\" sizes=\"auto, (max-width: 302px) 100vw, 302px\" \/><\/figure><div class=\"wp-block-media-text__content\">\n<p>Compuesto por lama de seguridad autoblocante de 40 mm, gusanillo y remate. Ideal para compactos y mosquicompacto con caj\u00f3n peque\u00f1o por su gran capacidad de enrollamiento. Disponible en todos los colores de la carta RAL\u00ae y Maderas. Ancho m\u00e1ximo aconsejable: 3.50 m. Superficie m\u00e1xima aconsejable: 10.00 m<sup>2<\/sup>. Peso M<sup>2<\/sup>: 10.00 kg.<\/p>\n<\/div><\/div>\n<\/div><\/div>\n\n\n\n<div class=\"wp-block-group\"><div class=\"wp-block-group__inner-container is-layout-constrained wp-block-group-is-layout-constrained\">\n<h2 class=\"wp-block-heading\">Mosquitera plisada<\/h2>\n\n\n\n<div class=\"wp-block-media-text is-stacked-on-mobile\"><figure class=\"wp-block-media-text__media\"><img loading=\"lazy\" decoding=\"async\" width=\"198\" height=\"264\" src=\"https:\/\/www.aluminiosizquierdo.es\/ai\/wp-content\/uploads\/2017\/10\/mosquitera-plisada.png\" alt=\"Mosquitera plisada.\" class=\"wp-image-369 size-full\"\/><\/figure><div class=\"wp-block-media-text__content\">\n<p>Novedoso sistema de protecci\u00f3n contra insectos ideal para puertas fabricado en aluminio con tela de fibra de vidrio. Est\u00e1 disponible en una amplia gama de colores y maderas.<\/p>\n<\/div><\/div>\n<\/div><\/div>\n\n\n\n<div style=\"height:10px\" aria-hidden=\"true\" class=\"wp-block-spacer\"><\/div>\n\n\n\n<div class=\"wp-block-group\"><div class=\"wp-block-group__inner-container is-layout-constrained wp-block-group-is-layout-constrained\">\n<h2 class=\"wp-block-heading\">Mosquitera enrollable<\/h2>\n\n\n\n<div class=\"wp-block-media-text is-stacked-on-mobile\"><figure class=\"wp-block-media-text__media\"><img loading=\"lazy\" decoding=\"async\" width=\"253\" height=\"337\" src=\"https:\/\/www.aluminiosizquierdo.es\/ai\/wp-content\/uploads\/2017\/10\/Mosquitera-enrollable.png\" alt=\"Mosquitera enrrollable.\" class=\"wp-image-371 size-full\" srcset=\"https:\/\/www.aluminiosizquierdo.es\/ai\/wp-content\/uploads\/2017\/10\/Mosquitera-enrollable.png 253w, https:\/\/www.aluminiosizquierdo.es\/ai\/wp-content\/uploads\/2017\/10\/Mosquitera-enrollable-225x300.png 225w\" sizes=\"auto, (max-width: 253px) 100vw, 253px\" \/><\/figure><div class=\"wp-block-media-text__content\">\n<p>La mosquitera enrollable vertical es la forma m\u00e1s pr\u00e1ctica de proteger nuestro hogar contra todo tipo de insectos. Su f\u00e1cil enrollamiento nos permite guardarla protegida del polvo durante el invierno y utilizarla en las \u00e9pocas m\u00e1s c\u00e1lidas. Est\u00e1 fabricada en fibra de vidrio y aluminio y es de f\u00e1cil y r\u00e1pido montaje. Disponemos de una amplia gama de colores y madera.<\/p>\n<\/div><\/div>\n\n\n\n<div style=\"height:10px\" aria-hidden=\"true\" class=\"wp-block-spacer\"><\/div>\n<\/div><\/div>\n\n\n\n<div class=\"wp-block-group\"><div class=\"wp-block-group__inner-container is-layout-constrained wp-block-group-is-layout-constrained\">\n<h2 class=\"wp-block-heading\">Mosquitera corredera<\/h2>\n\n\n\n<div class=\"wp-block-media-text is-stacked-on-mobile\"><figure class=\"wp-block-media-text__media\"><img loading=\"lazy\" decoding=\"async\" width=\"353\" height=\"265\" src=\"https:\/\/www.aluminiosizquierdo.es\/ai\/wp-content\/uploads\/2017\/10\/mosquitera-corredera.png\" alt=\"Mosquitera corredera.\" class=\"wp-image-373 size-full\" srcset=\"https:\/\/www.aluminiosizquierdo.es\/ai\/wp-content\/uploads\/2017\/10\/mosquitera-corredera.png 353w, https:\/\/www.aluminiosizquierdo.es\/ai\/wp-content\/uploads\/2017\/10\/mosquitera-corredera-300x225.png 300w\" sizes=\"auto, (max-width: 353px) 100vw, 353px\" \/><\/figure><div class=\"wp-block-media-text__content\">\n<p>Sistema de mosquitera corredera adaptable a casi todas las ventanas correderas del mercado. Fabricada en aluminio con tela de fibra de vidrio. Disponible en una amplia gama de colores y maderas.<\/p>\n<\/div><\/div>\n<\/div><\/div>\n","protected":false},"excerpt":{"rendered":"<p>Protex 2.0. PROtex 2,0 es el primer caj\u00f3n de persiana certificado Passive House. Sus altos valores de estanquidad superan cualquier expectativa para este tipo de material. Con PROtex 2,0 dotar\u00e1s &#8230;<\/p>\n","protected":false},"author":1,"featured_media":0,"parent":0,"menu_order":0,"comment_status":"closed","ping_status":"closed","template":"template-only-hero.php","meta":{"footnotes":""},"class_list":["post-661","page","type-page","status-publish","hentry"],"_links":{"self":[{"href":"https:\/\/www.aluminiosizquierdo.es\/ai\/wp-json\/wp\/v2\/pages\/661","targetHints":{"allow":["GET"]}}],"collection":[{"href":"https:\/\/www.aluminiosizquierdo.es\/ai\/wp-json\/wp\/v2\/pages"}],"about":[{"href":"https:\/\/www.aluminiosizquierdo.es\/ai\/wp-json\/wp\/v2\/types\/page"}],"author":[{"embeddable":true,"href":"https:\/\/www.aluminiosizquierdo.es\/ai\/wp-json\/wp\/v2\/users\/1"}],"replies":[{"embeddable":true,"href":"https:\/\/www.aluminiosizquierdo.es\/ai\/wp-json\/wp\/v2\/comments?post=661"}],"version-history":[{"count":7,"href":"https:\/\/www.aluminiosizquierdo.es\/ai\/wp-json\/wp\/v2\/pages\/661\/revisions"}],"predecessor-version":[{"id":747,"href":"https:\/\/www.aluminiosizquierdo.es\/ai\/wp-json\/wp\/v2\/pages\/661\/revisions\/747"}],"wp:attachment":[{"href":"https:\/\/www.aluminiosizquierdo.es\/ai\/wp-json\/wp\/v2\/media?parent=661"}],"curies":[{"name":"wp","href":"https:\/\/api.w.org\/{rel}","templated":true}]}}