{"id":678,"date":"2024-06-12T09:00:34","date_gmt":"2024-06-12T10:00:34","guid":{"rendered":"https:\/\/www.aluminiosizquierdo.es\/ai\/?page_id=678"},"modified":"2024-08-19T16:31:51","modified_gmt":"2024-08-19T17:31:51","slug":"aluminio","status":"publish","type":"page","link":"https:\/\/www.aluminiosizquierdo.es\/ai\/aluminio\/","title":{"rendered":"Aluminio"},"content":{"rendered":"\n<h2 class=\"wp-block-heading\">ABATIBLES<\/h2>\n\n\n\n<div class=\"wp-block-group\"><div class=\"wp-block-group__inner-container is-layout-constrained wp-block-group-is-layout-constrained\">\n<h2 class=\"wp-block-heading\">A-96. Ventanas y puertas practicables<\/h2>\n\n\n\n<div class=\"wp-block-media-text is-stacked-on-mobile\"><figure class=\"wp-block-media-text__media\"><img loading=\"lazy\" decoding=\"async\" width=\"600\" height=\"600\" src=\"https:\/\/www.aluminiosizquierdo.es\/ai\/wp-content\/uploads\/2024\/06\/FOTO-SERIE-A-96.jpg\" alt=\"\" class=\"wp-image-681 size-full\" srcset=\"https:\/\/www.aluminiosizquierdo.es\/ai\/wp-content\/uploads\/2024\/06\/FOTO-SERIE-A-96.jpg 600w, https:\/\/www.aluminiosizquierdo.es\/ai\/wp-content\/uploads\/2024\/06\/FOTO-SERIE-A-96-300x300.jpg 300w, https:\/\/www.aluminiosizquierdo.es\/ai\/wp-content\/uploads\/2024\/06\/FOTO-SERIE-A-96-150x150.jpg 150w\" sizes=\"auto, (max-width: 600px) 100vw, 600px\" \/><\/figure><div class=\"wp-block-media-text__content\">\n<ul class=\"wp-block-list\">\n<li>Abatible europea<\/li>\n\n\n\n<li>Marco de 40 mm<\/li>\n\n\n\n<li>Hoja de 47 mm<\/li>\n<\/ul>\n\n\n\n<p><a href=\"https:\/\/www.aluminiosizquierdo.es\/ai\/wp-content\/uploads\/2024\/06\/Abatibles_A96_Hoja_tecnica.pdf\">Ficha A-96<\/a><\/p>\n<\/div><\/div>\n<\/div><\/div>\n\n\n\n<div class=\"wp-block-group\"><div class=\"wp-block-group__inner-container is-layout-constrained wp-block-group-is-layout-constrained\">\n<h2 class=\"wp-block-heading\">Practicable Domo 67 RT C-16<\/h2>\n\n\n\n<div class=\"wp-block-media-text is-stacked-on-mobile\"><figure class=\"wp-block-media-text__media\"><img loading=\"lazy\" decoding=\"async\" width=\"161\" height=\"232\" src=\"https:\/\/www.aluminiosizquierdo.es\/ai\/wp-content\/uploads\/2024\/06\/FOTO-DOMO-67RT-C16.jpg\" alt=\"\" class=\"wp-image-684 size-full\"\/><\/figure><div class=\"wp-block-media-text__content\">\n<p>Sistema practicable de canal 16, con una profundidad de marco de 67 mm. Incorpora rotura de puente t\u00e9rmico con conexi\u00f3n s\u00f3lida mec\u00e1nica de poliamida de alta resistencia de 24 mm de marco y 22 mm de hoja, y con inserci\u00f3n de Thermic Plus (opcional): aislantes de baja conductividad t\u00e9rmica.<\/p>\n\n\n\n<p><a href=\"https:\/\/www.aluminiosizquierdo.es\/ai\/wp-content\/uploads\/2024\/06\/Ficha-Domo-67RT-C-16.pdf\">Ficha DOMO 67RT C-16<\/a><\/p>\n\n\n\n<p><a href=\"https:\/\/www.aluminiosizquierdo.es\/ai\/wp-content\/uploads\/2024\/08\/Ficha-Domo-67RT-C-16-Thermic-Plus.pdf\" data-type=\"link\" data-id=\"https:\/\/www.aluminiosizquierdo.es\/ai\/wp-content\/uploads\/2024\/08\/Ficha-Domo-67RT-C-16-Thermic-Plus.pdf\">Ficha DOMO 67RT C-16 thermic PLUS<\/a><\/p>\n<\/div><\/div>\n<\/div><\/div>\n\n\n\n<div class=\"wp-block-group\"><div class=\"wp-block-group__inner-container is-layout-constrained wp-block-group-is-layout-constrained\">\n<h2 class=\"wp-block-heading\">Practicable Domo 67 RT C-16 hoja oculta<\/h2>\n\n\n\n<div class=\"wp-block-media-text is-stacked-on-mobile\"><figure class=\"wp-block-media-text__media\"><img loading=\"lazy\" decoding=\"async\" width=\"161\" height=\"170\" src=\"https:\/\/www.aluminiosizquierdo.es\/ai\/wp-content\/uploads\/2024\/06\/FOTO-DOMO-67RT-C16-HO.jpg\" alt=\"\" class=\"wp-image-685 size-full\"\/><\/figure><div class=\"wp-block-media-text__content\">\n<p>Sistema practicable de canal 16 y hoja oculta, con una profundidad de marco de 67 mm Incorpora rotura de puente t\u00e9rmico con conexi\u00f3n s\u00f3lida mec\u00e1nica de poliamida de alta resistencia de 26 mm de marco y 37,4 mm de hoja, y con inserci\u00f3n de Thermic Plus (opcional): aislantes de baja conductividad t\u00e9rmica.<\/p>\n\n\n\n<p><a href=\"https:\/\/www.aluminiosizquierdo.es\/ai\/wp-content\/uploads\/2024\/06\/Ficha-Domo-67RT-C-16-HO.pdf\">Ficha DOMO 67RT C-16 hoja oculta<\/a><\/p>\n\n\n\n<p><a href=\"https:\/\/www.aluminiosizquierdo.es\/ai\/wp-content\/uploads\/2024\/06\/Ficha-Domo-67RT-C-16-HO.pdf\">Ficha DOMO 67RT C-16 hoja oculta thermic PLUS<\/a><\/p>\n<\/div><\/div>\n<\/div><\/div>\n\n\n\n<div class=\"wp-block-group\"><div class=\"wp-block-group__inner-container is-layout-constrained wp-block-group-is-layout-constrained\">\n<h2 class=\"wp-block-heading\">CO66 canal de 16<\/h2>\n\n\n\n<div class=\"wp-block-media-text is-stacked-on-mobile\"><figure class=\"wp-block-media-text__media\"><img loading=\"lazy\" decoding=\"async\" width=\"600\" height=\"600\" src=\"https:\/\/www.aluminiosizquierdo.es\/ai\/wp-content\/uploads\/2024\/06\/foto-perfil-CO66-C-16.png\" alt=\"\" class=\"wp-image-689 size-full\" srcset=\"https:\/\/www.aluminiosizquierdo.es\/ai\/wp-content\/uploads\/2024\/06\/foto-perfil-CO66-C-16.png 600w, https:\/\/www.aluminiosizquierdo.es\/ai\/wp-content\/uploads\/2024\/06\/foto-perfil-CO66-C-16-300x300.png 300w, https:\/\/www.aluminiosizquierdo.es\/ai\/wp-content\/uploads\/2024\/06\/foto-perfil-CO66-C-16-150x150.png 150w\" sizes=\"auto, (max-width: 600px) 100vw, 600px\" \/><\/figure><div class=\"wp-block-media-text__content\">\n<p>Abatible C-16 rt cerco de 66.<\/p>\n\n\n\n<ul class=\"wp-block-list\">\n<li>Carpinter\u00eda abisagrada con rotura de Puente T\u00e9rmico<\/li>\n\n\n\n<li>Marco de 66 mm y hoja de 73 mm<\/li>\n\n\n\n<li>Espesor medio en carpinter\u00eda 1,5 mm<\/li>\n\n\n\n<li>Hueco de acristalamiento entre 18 y 54 mm<\/li>\n\n\n\n<li>Corte a inglete 45\u00ba<\/li>\n<\/ul>\n\n\n\n<p><a href=\"https:\/\/www.aluminiosizquierdo.es\/ai\/wp-content\/uploads\/2024\/06\/FICHA-CO66-C-16.pdf\">Ficha CO66 canal de 16<\/a><\/p>\n<\/div><\/div>\n<\/div><\/div>\n\n\n\n<div class=\"wp-block-group\"><div class=\"wp-block-group__inner-container is-layout-constrained wp-block-group-is-layout-constrained\">\n<h2 class=\"wp-block-heading\">CO76 canal de 16<\/h2>\n\n\n\n<div class=\"wp-block-media-text is-stacked-on-mobile\"><figure class=\"wp-block-media-text__media\"><img loading=\"lazy\" decoding=\"async\" width=\"600\" height=\"600\" src=\"https:\/\/www.aluminiosizquierdo.es\/ai\/wp-content\/uploads\/2024\/06\/perfil-CO76-C-16.png\" alt=\"\" class=\"wp-image-691 size-full\" srcset=\"https:\/\/www.aluminiosizquierdo.es\/ai\/wp-content\/uploads\/2024\/06\/perfil-CO76-C-16.png 600w, https:\/\/www.aluminiosizquierdo.es\/ai\/wp-content\/uploads\/2024\/06\/perfil-CO76-C-16-300x300.png 300w, https:\/\/www.aluminiosizquierdo.es\/ai\/wp-content\/uploads\/2024\/06\/perfil-CO76-C-16-150x150.png 150w\" sizes=\"auto, (max-width: 600px) 100vw, 600px\" \/><\/figure><div class=\"wp-block-media-text__content\">\n<p>Serie abatible C-16 rt cerco de 76 con altas prestaciones.<\/p>\n\n\n\n<ul class=\"wp-block-list\">\n<li>Carpinter\u00eda abisagrada con rotura de Puente T\u00e9rmico<\/li>\n\n\n\n<li>Marco de 76 mm y hoja de 83 mm<\/li>\n\n\n\n<li>Espesor medio en carpinter\u00eda 1,5 mm<\/li>\n\n\n\n<li>Hueco de acristalamiento entre 28 y 64 mm<\/li>\n\n\n\n<li>Corte a inglete 45\u00ba<\/li>\n<\/ul>\n\n\n\n<p><a href=\"https:\/\/www.aluminiosizquierdo.es\/ai\/wp-content\/uploads\/2024\/06\/FICHA-CO76-C-16.pdf\">Ficha CO76 canal de 16<\/a><\/p>\n<\/div><\/div>\n<\/div><\/div>\n\n\n\n<h2 class=\"wp-block-heading\">SISTEMAS DESLIZANTES<\/h2>\n\n\n\n<div class=\"wp-block-group\"><div class=\"wp-block-group__inner-container is-layout-constrained wp-block-group-is-layout-constrained\">\n<h2 class=\"wp-block-heading\">C-97R ventanas y puertas correderas<\/h2>\n\n\n\n<div class=\"wp-block-media-text is-stacked-on-mobile\"><figure class=\"wp-block-media-text__media\"><img loading=\"lazy\" decoding=\"async\" width=\"600\" height=\"600\" src=\"https:\/\/www.aluminiosizquierdo.es\/ai\/wp-content\/uploads\/2024\/06\/perfil-c-97r.jpg\" alt=\"\" class=\"wp-image-701 size-full\" srcset=\"https:\/\/www.aluminiosizquierdo.es\/ai\/wp-content\/uploads\/2024\/06\/perfil-c-97r.jpg 600w, https:\/\/www.aluminiosizquierdo.es\/ai\/wp-content\/uploads\/2024\/06\/perfil-c-97r-300x300.jpg 300w, https:\/\/www.aluminiosizquierdo.es\/ai\/wp-content\/uploads\/2024\/06\/perfil-c-97r-150x150.jpg 150w\" sizes=\"auto, (max-width: 600px) 100vw, 600px\" \/><\/figure><div class=\"wp-block-media-text__content\">\n<p>La serie C-97R para ventanas y puertas correderas de 2, 3 ,4 o 6 hojas, gracias a sus marcos de 2 o 3 carriles. Sistema con rotura de puente t\u00e9rmico con Poliamidas entre 14,8 y 25 mm, Marco de 71 mm y hoja de 29 mm.<\/p>\n<\/div><\/div>\n<\/div><\/div>\n\n\n\n<ul class=\"wp-block-list\">\n<li>Carpinter\u00eda corredera montada a 45\u00ba<\/li>\n\n\n\n<li>Marco de 71 mm y hoja de 29 mm<\/li>\n\n\n\n<li>Espesor medio de 1.4 mm<\/li>\n\n\n\n<li>Juntas de estanqueidad con burletes<\/li>\n\n\n\n<li>Hueco de acristalamiento de 21 y 25 mm<\/li>\n\n\n\n<li>Poliamida 6.6 con 25% fibra de v\u00eddrio<\/li>\n<\/ul>\n\n\n\n<p><a href=\"https:\/\/www.aluminiosizquierdo.es\/ai\/wp-content\/uploads\/2024\/06\/Corredera_C97R_Hoja_tecnica.pdf\">Ficha C-97R<\/a><\/p>\n\n\n\n<div class=\"wp-block-group\"><div class=\"wp-block-group__inner-container is-layout-constrained wp-block-group-is-layout-constrained\">\n<h2 class=\"wp-block-heading\">CO Slim<\/h2>\n\n\n\n<div class=\"wp-block-media-text is-stacked-on-mobile\"><figure class=\"wp-block-media-text__media\"><img loading=\"lazy\" decoding=\"async\" width=\"783\" height=\"1024\" src=\"https:\/\/www.aluminiosizquierdo.es\/ai\/wp-content\/uploads\/2024\/06\/foto-de-perfil-CO-SLIM.jpg\" alt=\"\" class=\"wp-image-702 size-full\" srcset=\"https:\/\/www.aluminiosizquierdo.es\/ai\/wp-content\/uploads\/2024\/06\/foto-de-perfil-CO-SLIM.jpg 783w, https:\/\/www.aluminiosizquierdo.es\/ai\/wp-content\/uploads\/2024\/06\/foto-de-perfil-CO-SLIM-229x300.jpg 229w, https:\/\/www.aluminiosizquierdo.es\/ai\/wp-content\/uploads\/2024\/06\/foto-de-perfil-CO-SLIM-768x1004.jpg 768w\" sizes=\"auto, (max-width: 783px) 100vw, 783px\" \/><\/figure><div class=\"wp-block-media-text__content\">\n<p>La serie corredera de rotura de puente t\u00e9rmico CO SLIM, con nudo central reducido y desag\u00fces ocultos, est\u00e1 dise\u00f1ada para aquellos proyectos que busquen elevadas prestaciones y una est\u00e9tica minimalista.<\/p>\n<\/div><\/div>\n<\/div><\/div>\n\n\n\n<ul class=\"wp-block-list\">\n<li>Sistema corredero con rotura de Puente T\u00e9rmico.<\/li>\n\n\n\n<li>Ancho de Marco de 66 mm , ancho de hoja de 75 mm.<\/li>\n\n\n\n<li>Cruce 30mm<\/li>\n\n\n\n<li>Espesor medio de 1,5 mm.<\/li>\n\n\n\n<li>Hueco de acristalamiento hasta 32,5 MM<\/li>\n\n\n\n<li>Corte a inglete en cerco y hoja<\/li>\n<\/ul>\n\n\n\n<p><a href=\"https:\/\/www.aluminiosizquierdo.es\/ai\/wp-content\/uploads\/2024\/06\/Ficha-Tecnica-CO-SLIM-1.pdf\">Ficha CO-SLIM<\/a><\/p>\n\n\n\n<div class=\"wp-block-group\"><div class=\"wp-block-group__inner-container is-layout-constrained wp-block-group-is-layout-constrained\">\n<h2 class=\"wp-block-heading\">Domo 85RT Plus<\/h2>\n\n\n\n<div class=\"wp-block-media-text is-stacked-on-mobile\"><figure class=\"wp-block-media-text__media\"><img loading=\"lazy\" decoding=\"async\" width=\"734\" height=\"967\" src=\"https:\/\/www.aluminiosizquierdo.es\/ai\/wp-content\/uploads\/2024\/06\/FOTO-DOMO-85-RT-Plus.png\" alt=\"\" class=\"wp-image-707 size-full\" srcset=\"https:\/\/www.aluminiosizquierdo.es\/ai\/wp-content\/uploads\/2024\/06\/FOTO-DOMO-85-RT-Plus.png 734w, https:\/\/www.aluminiosizquierdo.es\/ai\/wp-content\/uploads\/2024\/06\/FOTO-DOMO-85-RT-Plus-228x300.png 228w\" sizes=\"auto, (max-width: 734px) 100vw, 734px\" \/><\/figure><div class=\"wp-block-media-text__content\">\n<p>Sistema de corredera perimetral, con posibilidad de cruce a corte recto. Profundidad de marco de 85 mm Acristalamiento de hasta 28 mm Incorpora rotura de puente t\u00e9rmico con conexi\u00f3n s\u00f3lida mec\u00e1nica de poliamida de alta resistencia de 24 mm en marco y en hoja. Hasta 180 kg por hoja.<\/p>\n\n\n\n<p><a href=\"https:\/\/www.aluminiosizquierdo.es\/ai\/wp-content\/uploads\/2024\/06\/Ficha-tecnica-Domo-85RTplus.pdf\">Ficha Domo 85RT Plus<\/a><\/p>\n<\/div><\/div>\n<\/div><\/div>\n\n\n\n<div class=\"wp-block-group\"><div class=\"wp-block-group__inner-container is-layout-constrained wp-block-group-is-layout-constrained\">\n<h2 class=\"wp-block-heading\">CE29R Corredera Elevable<\/h2>\n\n\n\n<div class=\"wp-block-media-text is-stacked-on-mobile\"><figure class=\"wp-block-media-text__media\"><img loading=\"lazy\" decoding=\"async\" width=\"600\" height=\"600\" src=\"https:\/\/www.aluminiosizquierdo.es\/ai\/wp-content\/uploads\/2024\/06\/foto-perfil-ce-29r.jpg\" alt=\"\" class=\"wp-image-715 size-full\" srcset=\"https:\/\/www.aluminiosizquierdo.es\/ai\/wp-content\/uploads\/2024\/06\/foto-perfil-ce-29r.jpg 600w, https:\/\/www.aluminiosizquierdo.es\/ai\/wp-content\/uploads\/2024\/06\/foto-perfil-ce-29r-300x300.jpg 300w, https:\/\/www.aluminiosizquierdo.es\/ai\/wp-content\/uploads\/2024\/06\/foto-perfil-ce-29r-150x150.jpg 150w\" sizes=\"auto, (max-width: 600px) 100vw, 600px\" \/><\/figure><div class=\"wp-block-media-text__content\">\n<p>Elevable dise\u00f1ada para puertas de grandes dimensiones. Su sistema de elevaci\u00f3n de las hojas le permite realizar la maniobra de apertura con gran facilidad, Marco de 115mm y hoja de 45 mm.<\/p>\n\n\n\n<p><a href=\"https:\/\/www.aluminiosizquierdo.es\/ai\/wp-content\/uploads\/2024\/06\/Corredera_CE29R_Hoja_tecnica.pdf\">Ficha CE29R Corredera elevable<\/a><\/p>\n<\/div><\/div>\n<\/div><\/div>\n\n\n\n<div class=\"wp-block-group\"><div class=\"wp-block-group__inner-container is-layout-constrained wp-block-group-is-layout-constrained\">\n<h2 class=\"wp-block-heading\">DOMO 125 RT elevable dise\u00f1ada para puertas de grandes dimensiones<\/h2>\n\n\n\n<div class=\"wp-block-media-text is-stacked-on-mobile\"><figure class=\"wp-block-media-text__media\"><img loading=\"lazy\" decoding=\"async\" width=\"161\" height=\"207\" src=\"https:\/\/www.aluminiosizquierdo.es\/ai\/wp-content\/uploads\/2024\/06\/FOTO-DOMO-125RT.jpg\" alt=\"\" class=\"wp-image-718 size-full\"\/><\/figure><div class=\"wp-block-media-text__content\">\n<p>Elevable dise\u00f1ada para puertas de grandes dimensiones. Su sistema de elevaci\u00f3n de las hojas le permite realizar la maniobra de apertura con gran facilidad, Marco de 125mm y hoja de 52 mm Sistema con rotura de puente t\u00e9rmico<\/p>\n<\/div><\/div>\n<\/div><\/div>\n\n\n\n<ul class=\"wp-block-list\">\n<li>Carpinter\u00eda corredera elevable cortada a inglete<\/li>\n\n\n\n<li>Marco de 125 mm y hoja de 52 mm<\/li>\n\n\n\n<li>Espesor general 1,8 mm<\/li>\n\n\n\n<li>Juntas de estanquidad en EPDM<\/li>\n<\/ul>\n\n\n\n<p><a href=\"https:\/\/www.aluminiosizquierdo.es\/ai\/wp-content\/uploads\/2024\/06\/Ficha-tecnica-Domo-125RT.pdf\">Ficha Domo 125 RT<\/a><\/p>\n\n\n\n<div class=\"wp-block-group\"><div class=\"wp-block-group__inner-container is-layout-constrained wp-block-group-is-layout-constrained\">\n<h2 class=\"wp-block-heading\">C-MINIMA minimalismo m\u00e1ximo.<\/h2>\n\n\n\n<div class=\"wp-block-media-text is-stacked-on-mobile\"><figure class=\"wp-block-media-text__media\"><img loading=\"lazy\" decoding=\"async\" width=\"450\" height=\"512\" src=\"https:\/\/www.aluminiosizquierdo.es\/ai\/wp-content\/uploads\/2018\/03\/C-Minima.png\" alt=\"\" class=\"wp-image-397 size-full\" srcset=\"https:\/\/www.aluminiosizquierdo.es\/ai\/wp-content\/uploads\/2018\/03\/C-Minima.png 450w, https:\/\/www.aluminiosizquierdo.es\/ai\/wp-content\/uploads\/2018\/03\/C-Minima-264x300.png 264w\" sizes=\"auto, (max-width: 450px) 100vw, 450px\" \/><\/figure><div class=\"wp-block-media-text__content\">\n<p>Minimalismo m\u00e1ximo , vista inferior de 4 mm, nudo de cruce de 19,5 mm, y lateral de 37 mm. Peso m\u00e1ximo por hoja de 800 kg. Acristalamiento entre 24 y 38 mm de espesor.<\/p>\n<\/div><\/div>\n<\/div><\/div>\n\n\n\n<ul class=\"wp-block-list\">\n<li>Sistema corredero con rotura de Puente T\u00e9rmico<\/li>\n\n\n\n<li>Ancho de Marco de 134 mm , ancho de hoja de 49.5 mm<\/li>\n\n\n\n<li>Secci\u00f3n vista en hoja 37mm<\/li>\n\n\n\n<li>Secci\u00f3n vista en cruce 19.5 mm<\/li>\n\n\n\n<li>Espesor general de 1,7 mm<\/li>\n\n\n\n<li>Hueco de acristalamiento de 24 hasta 38 mm<\/li>\n<\/ul>\n\n\n\n<p><a href=\"https:\/\/www.aluminiosizquierdo.es\/ai\/wp-content\/uploads\/2024\/06\/Corredera_C_Minima_Hoja_tecnica.pdf\">Ficha C-MINIMA<\/a><\/p>\n\n\n\n<div class=\"wp-block-group\"><div class=\"wp-block-group__inner-container is-layout-constrained wp-block-group-is-layout-constrained\">\n<h2 class=\"wp-block-heading\">Mallorquinas<\/h2>\n\n\n\n<div class=\"wp-block-media-text is-stacked-on-mobile\"><figure class=\"wp-block-media-text__media\"><img loading=\"lazy\" decoding=\"async\" width=\"640\" height=\"480\" src=\"https:\/\/www.aluminiosizquierdo.es\/ai\/wp-content\/uploads\/2017\/10\/MALLORQUINA.jpg\" alt=\"\" class=\"wp-image-295 size-full\" srcset=\"https:\/\/www.aluminiosizquierdo.es\/ai\/wp-content\/uploads\/2017\/10\/MALLORQUINA.jpg 640w, https:\/\/www.aluminiosizquierdo.es\/ai\/wp-content\/uploads\/2017\/10\/MALLORQUINA-300x225.jpg 300w\" sizes=\"auto, (max-width: 640px) 100vw, 640px\" \/><\/figure><div class=\"wp-block-media-text__content\">\n<p>Controle la luz, la visi\u00f3n y la ventilaci\u00f3n con sistema de mallorquina. Dos tipos de lama, orientable y fija.<\/p>\n<\/div><\/div>\n<\/div><\/div>\n\n\n\n<div style=\"height:10px\" aria-hidden=\"true\" class=\"wp-block-spacer\"><\/div>\n\n\n\n<h2 class=\"wp-block-heading\">SISTEMAS DE INTERIOR<\/h2>\n\n\n\n<h2 class=\"wp-block-heading\">Domo Decor<\/h2>\n\n\n\n<p>El concepto Domo Decor pretende cubrir las necesidades que surgen en el interior de las viviendas, donde en ocasiones queremos dividir espacios de forma armoniosa y elegante.<\/p>\n\n\n\n<div class=\"wp-block-media-text is-stacked-on-mobile\"><figure class=\"wp-block-media-text__media\"><img loading=\"lazy\" decoding=\"async\" width=\"1024\" height=\"663\" src=\"https:\/\/www.aluminiosizquierdo.es\/ai\/wp-content\/uploads\/2024\/06\/FOTO-PUERTA-CORREDERA-DOMO-DECOR-1024x663.jpg\" alt=\"\" class=\"wp-image-721 size-full\" srcset=\"https:\/\/www.aluminiosizquierdo.es\/ai\/wp-content\/uploads\/2024\/06\/FOTO-PUERTA-CORREDERA-DOMO-DECOR-1024x663.jpg 1024w, https:\/\/www.aluminiosizquierdo.es\/ai\/wp-content\/uploads\/2024\/06\/FOTO-PUERTA-CORREDERA-DOMO-DECOR-300x194.jpg 300w, https:\/\/www.aluminiosizquierdo.es\/ai\/wp-content\/uploads\/2024\/06\/FOTO-PUERTA-CORREDERA-DOMO-DECOR-768x498.jpg 768w, https:\/\/www.aluminiosizquierdo.es\/ai\/wp-content\/uploads\/2024\/06\/FOTO-PUERTA-CORREDERA-DOMO-DECOR.jpg 1170w\" sizes=\"auto, (max-width: 1024px) 100vw, 1024px\" \/><\/figure><div class=\"wp-block-media-text__content\">\n<h3 class=\"wp-block-heading\">Sistema puerta corredera<\/h3>\n\n\n\n<p>Divide ambientes unificando los espacios de manera elegante y sencilla obteniendo un gran impacto visual.<\/p>\n<\/div><\/div>\n\n\n\n<div style=\"height:10px\" aria-hidden=\"true\" class=\"wp-block-spacer\"><\/div>\n\n\n\n<div class=\"wp-block-media-text is-stacked-on-mobile\"><figure class=\"wp-block-media-text__media\"><img loading=\"lazy\" decoding=\"async\" width=\"711\" height=\"973\" src=\"https:\/\/www.aluminiosizquierdo.es\/ai\/wp-content\/uploads\/2024\/06\/Interior-abatible.webp\" alt=\"\" class=\"wp-image-722 size-full\" srcset=\"https:\/\/www.aluminiosizquierdo.es\/ai\/wp-content\/uploads\/2024\/06\/Interior-abatible.webp 711w, https:\/\/www.aluminiosizquierdo.es\/ai\/wp-content\/uploads\/2024\/06\/Interior-abatible-219x300.webp 219w\" sizes=\"auto, (max-width: 711px) 100vw, 711px\" \/><\/figure><div class=\"wp-block-media-text__content\">\n<h3 class=\"wp-block-heading\">Puerta abatible pivotante<\/h3>\n\n\n\n<p>Acabados: Blanco mate y negro mate.<\/p>\n\n\n\n<p>Las puertas interiores Domo Decor destacan por la sencillez y elegancia de su dise\u00f1o que combina a la perfecci\u00f3n con el estilo de las casas modernas. Este innovador dise\u00f1o favorece la est\u00e9tica del conjunto y la sensaci\u00f3n de minimalismo.<\/p>\n<\/div><\/div>\n","protected":false},"excerpt":{"rendered":"<p>ABATIBLES A-96. Ventanas y puertas practicables Ficha A-96 Practicable Domo 67 RT C-16 Sistema practicable de canal 16, con una profundidad de marco de 67 mm. Incorpora rotura de puente &#8230;<\/p>\n","protected":false},"author":1,"featured_media":0,"parent":0,"menu_order":0,"comment_status":"closed","ping_status":"closed","template":"template-only-hero.php","meta":{"footnotes":""},"class_list":["post-678","page","type-page","status-publish","hentry"],"_links":{"self":[{"href":"https:\/\/www.aluminiosizquierdo.es\/ai\/wp-json\/wp\/v2\/pages\/678","targetHints":{"allow":["GET"]}}],"collection":[{"href":"https:\/\/www.aluminiosizquierdo.es\/ai\/wp-json\/wp\/v2\/pages"}],"about":[{"href":"https:\/\/www.aluminiosizquierdo.es\/ai\/wp-json\/wp\/v2\/types\/page"}],"author":[{"embeddable":true,"href":"https:\/\/www.aluminiosizquierdo.es\/ai\/wp-json\/wp\/v2\/users\/1"}],"replies":[{"embeddable":true,"href":"https:\/\/www.aluminiosizquierdo.es\/ai\/wp-json\/wp\/v2\/comments?post=678"}],"version-history":[{"count":13,"href":"https:\/\/www.aluminiosizquierdo.es\/ai\/wp-json\/wp\/v2\/pages\/678\/revisions"}],"predecessor-version":[{"id":757,"href":"https:\/\/www.aluminiosizquierdo.es\/ai\/wp-json\/wp\/v2\/pages\/678\/revisions\/757"}],"wp:attachment":[{"href":"https:\/\/www.aluminiosizquierdo.es\/ai\/wp-json\/wp\/v2\/media?parent=678"}],"curies":[{"name":"wp","href":"https:\/\/api.w.org\/{rel}","templated":true}]}}