{"id":68,"date":"2017-09-13T18:23:42","date_gmt":"2017-09-13T19:23:42","guid":{"rendered":"http:\/\/www.aluminiosizquierdo.es\/ai\/?page_id=68"},"modified":"2023-04-14T15:08:53","modified_gmt":"2023-04-14T16:08:53","slug":"contacto","status":"publish","type":"page","link":"https:\/\/www.aluminiosizquierdo.es\/ai\/contacto\/","title":{"rendered":"Contacto"},"content":{"rendered":"<p>PVC y Aluminio J. Izquierdo tiene sus oficinas, taller, y exposici\u00f3n en C\/ Torres Quevedo 16 y 18.<br \/>\nPol. Ind. Prado Regordo\u00f1o.<br \/>\nM\u00f3stoles (Madrid)<\/p>\n\n                \n            <div id=\"wpgmza_map\" data-settings='{&quot;id&quot;:&quot;1&quot;,&quot;map_title&quot;:&quot;Mi primer mapa&quot;,&quot;map_width&quot;:&quot;100&quot;,&quot;map_height&quot;:&quot;400&quot;,&quot;map_start_lat&quot;:&quot;40.317295&quot;,&quot;map_start_lng&quot;:&quot;-3.848411&quot;,&quot;map_start_location&quot;:&quot;40.317295,-3.848411380981469&quot;,&quot;map_start_zoom&quot;:&quot;16&quot;,&quot;default_marker&quot;:&quot;0&quot;,&quot;type&quot;:&quot;1&quot;,&quot;alignment&quot;:&quot;1&quot;,&quot;directions_enabled&quot;:&quot;1&quot;,&quot;styling_enabled&quot;:&quot;0&quot;,&quot;styling_json&quot;:&quot;&quot;,&quot;active&quot;:&quot;0&quot;,&quot;kml&quot;:&quot;&quot;,&quot;bicycle&quot;:&quot;2&quot;,&quot;traffic&quot;:&quot;2&quot;,&quot;dbox&quot;:&quot;1&quot;,&quot;dbox_width&quot;:&quot;100&quot;,&quot;listmarkers&quot;:&quot;0&quot;,&quot;listmarkers_advanced&quot;:&quot;0&quot;,&quot;filterbycat&quot;:&quot;0&quot;,&quot;ugm_enabled&quot;:&quot;0&quot;,&quot;ugm_category_enabled&quot;:&quot;0&quot;,&quot;fusion&quot;:&quot;&quot;,&quot;map_width_type&quot;:&quot;%&quot;,&quot;map_height_type&quot;:&quot;px&quot;,&quot;mass_marker_support&quot;:&quot;1&quot;,&quot;ugm_access&quot;:&quot;0&quot;,&quot;order_markers_by&quot;:&quot;1&quot;,&quot;order_markers_choice&quot;:&quot;2&quot;,&quot;show_user_location&quot;:&quot;0&quot;,&quot;default_to&quot;:&quot;&quot;,&quot;other_settings&quot;:&quot;a:12:{s:21:\\&quot;store_locator_enabled\\&quot;;i:2;s:22:\\&quot;store_locator_distance\\&quot;;i:2;s:28:\\&quot;store_locator_default_radius\\&quot;;s:2:\\&quot;10\\&quot;;s:31:\\&quot;store_locator_not_found_message\\&quot;;s:72:\\&quot;No se han encontrado resultados en esta ubicaci\\u00f3n. Vuelve a intentarlo.\\&quot;;s:20:\\&quot;store_locator_bounce\\&quot;;i:1;s:26:\\&quot;store_locator_query_string\\&quot;;s:33:\\&quot;ZIP \\\/ C\\u00f3digo Postal \\\/ Direcci\\u00f3n\\&quot;;s:29:\\&quot;store_locator_default_address\\&quot;;s:0:\\&quot;\\&quot;;s:29:\\&quot;wpgmza_store_locator_restrict\\&quot;;s:0:\\&quot;\\&quot;;s:12:\\&quot;map_max_zoom\\&quot;;s:1:\\&quot;1\\&quot;;s:15:\\&quot;transport_layer\\&quot;;i:2;s:17:\\&quot;wpgmza_theme_data\\&quot;;s:0:\\&quot;\\&quot;;s:30:\\&quot;wpgmza_show_points_of_interest\\&quot;;i:1;}&quot;}' style=\"display:block; overflow:auto; width:100%; height:400px; float:left;\">\n            \n            <\/div>\n        \n<p>&nbsp;<br \/>\nPuedes contactar con nosotros a trav\u00e9s de este formulario:<\/p>\n\n<div class=\"wpcf7 no-js\" id=\"wpcf7-f87-o1\" lang=\"es-ES\" dir=\"ltr\" data-wpcf7-id=\"87\">\n<div class=\"screen-reader-response\"><p role=\"status\" aria-live=\"polite\" aria-atomic=\"true\"><\/p> <ul><\/ul><\/div>\n<form action=\"\/ai\/wp-json\/wp\/v2\/pages\/68#wpcf7-f87-o1\" method=\"post\" class=\"wpcf7-form init\" aria-label=\"Formulario de contacto\" novalidate=\"novalidate\" data-status=\"init\">\n<fieldset class=\"hidden-fields-container\"><input type=\"hidden\" name=\"_wpcf7\" value=\"87\" \/><input type=\"hidden\" name=\"_wpcf7_version\" value=\"6.1.4\" \/><input type=\"hidden\" name=\"_wpcf7_locale\" value=\"es_ES\" \/><input type=\"hidden\" name=\"_wpcf7_unit_tag\" value=\"wpcf7-f87-o1\" \/><input type=\"hidden\" name=\"_wpcf7_container_post\" value=\"0\" \/><input type=\"hidden\" name=\"_wpcf7_posted_data_hash\" value=\"\" \/>\n<\/fieldset>\n<p><label> Nombre (requerido)<br \/>\n<span class=\"wpcf7-form-control-wrap\" data-name=\"your-name\"><input size=\"40\" maxlength=\"400\" class=\"wpcf7-form-control wpcf7-text wpcf7-validates-as-required\" aria-required=\"true\" aria-invalid=\"false\" value=\"\" type=\"text\" name=\"your-name\" \/><\/span> <\/label>\n<\/p>\n<p><label> Tu correo electr\u00f3nico (requerido)<br \/>\n<span class=\"wpcf7-form-control-wrap\" data-name=\"your-email\"><input size=\"40\" maxlength=\"400\" class=\"wpcf7-form-control wpcf7-email wpcf7-validates-as-required wpcf7-text wpcf7-validates-as-email\" aria-required=\"true\" aria-invalid=\"false\" value=\"\" type=\"email\" name=\"your-email\" \/><\/span> <\/label>\n<\/p>\n<p><label> Asunto<br \/>\n<span class=\"wpcf7-form-control-wrap\" data-name=\"your-subject\"><input size=\"40\" maxlength=\"400\" class=\"wpcf7-form-control wpcf7-text\" aria-invalid=\"false\" value=\"\" type=\"text\" name=\"your-subject\" \/><\/span> <\/label>\n<\/p>\n<p><label> Mensaje<br \/>\n<span class=\"wpcf7-form-control-wrap\" data-name=\"your-message\"><textarea cols=\"40\" rows=\"10\" maxlength=\"2000\" class=\"wpcf7-form-control wpcf7-textarea\" aria-invalid=\"false\" name=\"your-message\"><\/textarea><\/span> <\/label>\n<\/p>\n<p><span class=\"wpcf7-form-control-wrap\" data-name=\"checkbox-datos-seguros\"><span class=\"wpcf7-form-control wpcf7-checkbox wpcf7-validates-as-required\"><span class=\"wpcf7-list-item first last\"><input type=\"checkbox\" name=\"checkbox-datos-seguros[]\" value=\"Consiento el uso de mis datos para los fines indicados en la pol\u00edtica de privacidad\" \/><span class=\"wpcf7-list-item-label\">Consiento el uso de mis datos para los fines indicados en la pol\u00edtica de privacidad<\/span><\/span><\/span><\/span><a href=\"https:\/\/www.aluminiosizquierdo.es\/ai\/sus-datos-seguros\/\"> \"SUS DATOS SEGUROS<\/a>.\"\n<\/p>\n<p><span class=\"wpcf7-form-control-wrap\" data-name=\"checkbox-propaganda\"><span class=\"wpcf7-form-control wpcf7-checkbox\"><span class=\"wpcf7-list-item first last\"><input type=\"checkbox\" name=\"checkbox-propaganda[]\" value=\"Consiento el uso de mis datos personales para recibir publicidad de su entidad\" \/><span class=\"wpcf7-list-item-label\">Consiento el uso de mis datos personales para recibir publicidad de su entidad<\/span><\/span><\/span><\/span>\n<\/p>\n<p><a href=\"https:\/\/www.aluminiosizquierdo.es\/ai\/informacion-basica-sobre-proteccion-de-datos\/\">Informaci\u00f3n b\u00e1sica sobre protecci\u00f3n de datos<\/a>\n<\/p>\n<p><input class=\"wpcf7-form-control wpcf7-submit has-spinner\" type=\"submit\" value=\"Enviar\" \/>\n<\/p><div class=\"wpcf7-response-output\" aria-hidden=\"true\"><\/div>\n<\/form>\n<\/div>\n\n","protected":false},"excerpt":{"rendered":"<p>PVC y Aluminio J. Izquierdo tiene sus oficinas, taller, y exposici\u00f3n en C\/ Torres Quevedo 16 y 18. Pol. Ind. Prado Regordo\u00f1o. M\u00f3stoles (Madrid) &nbsp; Puedes contactar con nosotros a &#8230;<\/p>\n","protected":false},"author":1,"featured_media":0,"parent":0,"menu_order":0,"comment_status":"closed","ping_status":"closed","template":"template-only-hero.php","meta":{"footnotes":""},"class_list":["post-68","page","type-page","status-publish","hentry"],"_links":{"self":[{"href":"https:\/\/www.aluminiosizquierdo.es\/ai\/wp-json\/wp\/v2\/pages\/68","targetHints":{"allow":["GET"]}}],"collection":[{"href":"https:\/\/www.aluminiosizquierdo.es\/ai\/wp-json\/wp\/v2\/pages"}],"about":[{"href":"https:\/\/www.aluminiosizquierdo.es\/ai\/wp-json\/wp\/v2\/types\/page"}],"author":[{"embeddable":true,"href":"https:\/\/www.aluminiosizquierdo.es\/ai\/wp-json\/wp\/v2\/users\/1"}],"replies":[{"embeddable":true,"href":"https:\/\/www.aluminiosizquierdo.es\/ai\/wp-json\/wp\/v2\/comments?post=68"}],"version-history":[{"count":6,"href":"https:\/\/www.aluminiosizquierdo.es\/ai\/wp-json\/wp\/v2\/pages\/68\/revisions"}],"predecessor-version":[{"id":174,"href":"https:\/\/www.aluminiosizquierdo.es\/ai\/wp-json\/wp\/v2\/pages\/68\/revisions\/174"}],"wp:attachment":[{"href":"https:\/\/www.aluminiosizquierdo.es\/ai\/wp-json\/wp\/v2\/media?parent=68"}],"curies":[{"name":"wp","href":"https:\/\/api.w.org\/{rel}","templated":true}]}}