{"id":731,"date":"2024-06-26T16:11:49","date_gmt":"2024-06-26T17:11:49","guid":{"rendered":"https:\/\/www.aluminiosizquierdo.es\/ai\/?page_id=731"},"modified":"2024-08-19T16:06:54","modified_gmt":"2024-08-19T17:06:54","slug":"cristales","status":"publish","type":"page","link":"https:\/\/www.aluminiosizquierdo.es\/ai\/cristales\/","title":{"rendered":"Cristales"},"content":{"rendered":"\n<h1 class=\"wp-block-heading\">Doble acristalamiento<\/h1>\n\n\n\n<p>El doble acristalamiento est\u00e1 formado por dos o m\u00e1s vidrios separados entre s\u00ed por un perfil separador relleno de tamiz molecular que absorbe la humedad residual, evitando la aparici\u00f3n de condensaciones en el interior de la c\u00e1mara. De este modo se consigue un nivel de aislamiento t\u00e9rmico y ac\u00fastico mayor que el de una luna simple.<\/p>\n\n\n\n<h2 class=\"wp-block-heading\">PROPIEDADES<\/h2>\n\n\n\n<p>Las propiedades t\u00e9rmicas de un doble acristalamiento son proporcionar un mejor aislamiento, incrementando as\u00ed su eficiencia energ\u00e9tica .A la hora de valorar la eficiencia energ\u00e9tica de un doble acristalamiento debemos analizar el comportamiento de la energ\u00eda y la luz solar cuando lo atraviesa.<br>Para ello es necesario conocer los siguientes conceptos:<br><strong>Transmisi\u00f3n energ\u00e9tica:<\/strong> Es la cantidad de energ\u00eda que atraviesa un acristalamiento.<br><strong>Reflexi\u00f3n energ\u00e9tica:<\/strong> Es la cantidad de energ\u00eda que es reflejada por un acristalamiento.<br><strong>Absorci\u00f3n energ\u00e9tica:<\/strong> Es la cantidad de energ\u00eda solar que absorbe el vidrio, generando un aumento de temperatura en el mismo e irradiando dicha temperatura tanto al exterior como al interior del edificio. Este valor es indicativo del riesgo de rotura por choque t\u00e9rmico.<br><strong>Factor solar:<\/strong> Es la relaci\u00f3n entre la cantidad total de energ\u00eda que entra a trav\u00e9s del vidrio, respecto a la incidente. Es la suma de la transmisi\u00f3n solar directa, m\u00e1s la absorbida por el vidrio e irradiada al interior.<br><strong>Valor U:<\/strong> Es la cantidad de energ\u00eda que atraviesa un metro cuadrado de acristalamiento, en la unidad de tiempo y por cada grado de temperatura de diferencia entre ambos lados del doble acristalamiento.<br><strong>Trasmisi\u00f3n luminosa:<\/strong> Es la cantidad de energ\u00eda luminosa que se transmite a trav\u00e9s del vidrio, respecto al flujo luminoso incidente.<br><strong>Reflexi\u00f3n luminosa:<\/strong> Es la cantidad de energ\u00eda luminosa reflejada, respecto al flujo luminoso incidente.<\/p>\n\n\n\n<p><a href=\"https:\/\/www.aluminiosizquierdo.es\/ai\/wp-content\/uploads\/2017\/09\/climaguard-premium.pdf\">Climaguard Premium-ficha<\/a><\/p>\n\n\n\n<p><a href=\"https:\/\/www.aluminiosizquierdo.es\/ai\/wp-content\/uploads\/2017\/09\/guardian-sun-ficha-tecnica.pdf\">Guardian Sun -ficha<\/a><\/p>\n\n\n\n<h1 class=\"wp-block-heading\">Control ac\u00fastico<\/h1>\n\n\n\n<p>Elegir vidrio laminado ac\u00fastico en su doble o triple acristalamiento hace que mejore el aislamiento ac\u00fastico de la ventana.<\/p>\n\n\n\n<figure class=\"wp-block-image size-full\"><img loading=\"lazy\" decoding=\"async\" width=\"300\" height=\"300\" src=\"https:\/\/www.aluminiosizquierdo.es\/ai\/wp-content\/uploads\/2024\/06\/control-acustico.webp\" alt=\"\" class=\"wp-image-734\" srcset=\"https:\/\/www.aluminiosizquierdo.es\/ai\/wp-content\/uploads\/2024\/06\/control-acustico.webp 300w, https:\/\/www.aluminiosizquierdo.es\/ai\/wp-content\/uploads\/2024\/06\/control-acustico-150x150.webp 150w\" sizes=\"auto, (max-width: 300px) 100vw, 300px\" \/><\/figure>\n\n\n\n<h1 class=\"wp-block-heading\">Vidrio de seguridad<\/h1>\n\n\n\n<p>El laminado del vidrio exterior protege el hogar de posibles robos y el del vidrio interior amortigua impactos que se sucedan en el interior de la vivienda.<\/p>\n\n\n\n<figure class=\"wp-block-image size-full\"><img loading=\"lazy\" decoding=\"async\" width=\"300\" height=\"300\" src=\"https:\/\/www.aluminiosizquierdo.es\/ai\/wp-content\/uploads\/2024\/06\/vidrio-de-seguridad.webp\" alt=\"\" class=\"wp-image-735\" srcset=\"https:\/\/www.aluminiosizquierdo.es\/ai\/wp-content\/uploads\/2024\/06\/vidrio-de-seguridad.webp 300w, https:\/\/www.aluminiosizquierdo.es\/ai\/wp-content\/uploads\/2024\/06\/vidrio-de-seguridad-150x150.webp 150w\" sizes=\"auto, (max-width: 300px) 100vw, 300px\" \/><\/figure>\n\n\n\n<h1 class=\"wp-block-heading\">Guardian Sun<\/h1>\n\n\n\n<p>El vidrio inteligente que te ayuda a aislarte del fr\u00edo en invierno y del calor en los d\u00edas m\u00e1s soleados del a\u00f1o, sin perder luz natura.<\/p>\n\n\n\n<figure class=\"wp-block-image size-full\"><img loading=\"lazy\" decoding=\"async\" width=\"305\" height=\"337\" src=\"https:\/\/www.aluminiosizquierdo.es\/ai\/wp-content\/uploads\/2024\/06\/guardian-sun.webp\" alt=\"\" class=\"wp-image-736\" srcset=\"https:\/\/www.aluminiosizquierdo.es\/ai\/wp-content\/uploads\/2024\/06\/guardian-sun.webp 305w, https:\/\/www.aluminiosizquierdo.es\/ai\/wp-content\/uploads\/2024\/06\/guardian-sun-272x300.webp 272w\" sizes=\"auto, (max-width: 305px) 100vw, 305px\" \/><\/figure>\n\n\n\n<p>Bajo emisivo + control solar.<\/p>\n\n\n\n<ul class=\"wp-block-list\">\n<li>Mayor reducci\u00f3n del consumo de calefacci\u00f3n y del aire acondicionado<\/li>\n\n\n\n<li>Cristal inteligente<\/li>\n\n\n\n<li>Tecnolog\u00eda transparente y confortable<\/li>\n<\/ul>\n\n\n\n<h1 class=\"wp-block-heading\">Guardian SNX 60<\/h1>\n\n\n\n<figure class=\"wp-block-image size-full\"><img loading=\"lazy\" decoding=\"async\" width=\"305\" height=\"337\" src=\"https:\/\/www.aluminiosizquierdo.es\/ai\/wp-content\/uploads\/2024\/06\/guardian-snx-60.webp\" alt=\"\" class=\"wp-image-739\" srcset=\"https:\/\/www.aluminiosizquierdo.es\/ai\/wp-content\/uploads\/2024\/06\/guardian-snx-60.webp 305w, https:\/\/www.aluminiosizquierdo.es\/ai\/wp-content\/uploads\/2024\/06\/guardian-snx-60-272x300.webp 272w\" sizes=\"auto, (max-width: 305px) 100vw, 305px\" \/><\/figure>\n\n\n\n<p>Bajo emisivo + control solar.<\/p>\n\n\n\n<ul class=\"wp-block-list\">\n<li>Mayor reducci\u00f3n del consumo de calefacci\u00f3n y del aire acondicionado<\/li>\n\n\n\n<li>Alto control solar para grandes superficies o entornos climatol\u00f3gicos exigentes o proyectos de valor<\/li>\n\n\n\n<li>Tecnolog\u00eda transparente y confortable<\/li>\n<\/ul>\n\n\n\n<h2 class=\"wp-block-heading\">ClimaGuard Premium 2<\/h2>\n\n\n\n<figure class=\"wp-block-image size-full\"><img loading=\"lazy\" decoding=\"async\" width=\"453\" height=\"248\" src=\"https:\/\/www.aluminiosizquierdo.es\/ai\/wp-content\/uploads\/2024\/06\/clima-guard-premium-2.webp\" alt=\"\" class=\"wp-image-742\" srcset=\"https:\/\/www.aluminiosizquierdo.es\/ai\/wp-content\/uploads\/2024\/06\/clima-guard-premium-2.webp 453w, https:\/\/www.aluminiosizquierdo.es\/ai\/wp-content\/uploads\/2024\/06\/clima-guard-premium-2-300x164.webp 300w\" sizes=\"auto, (max-width: 453px) 100vw, 453px\" \/><\/figure>\n\n\n\n<p>Bajo emisivo.<\/p>\n\n\n\n<ul class=\"wp-block-list\">\n<li>Reducci\u00f3n del consumo de calefacci\u00f3n<\/li>\n<\/ul>\n","protected":false},"excerpt":{"rendered":"<p>Doble acristalamiento El doble acristalamiento est\u00e1 formado por dos o m\u00e1s vidrios separados entre s\u00ed por un perfil separador relleno de tamiz molecular que absorbe la humedad residual, evitando la &#8230;<\/p>\n","protected":false},"author":1,"featured_media":0,"parent":0,"menu_order":0,"comment_status":"closed","ping_status":"closed","template":"template-only-hero.php","meta":{"footnotes":""},"class_list":["post-731","page","type-page","status-publish","hentry"],"_links":{"self":[{"href":"https:\/\/www.aluminiosizquierdo.es\/ai\/wp-json\/wp\/v2\/pages\/731","targetHints":{"allow":["GET"]}}],"collection":[{"href":"https:\/\/www.aluminiosizquierdo.es\/ai\/wp-json\/wp\/v2\/pages"}],"about":[{"href":"https:\/\/www.aluminiosizquierdo.es\/ai\/wp-json\/wp\/v2\/types\/page"}],"author":[{"embeddable":true,"href":"https:\/\/www.aluminiosizquierdo.es\/ai\/wp-json\/wp\/v2\/users\/1"}],"replies":[{"embeddable":true,"href":"https:\/\/www.aluminiosizquierdo.es\/ai\/wp-json\/wp\/v2\/comments?post=731"}],"version-history":[{"count":5,"href":"https:\/\/www.aluminiosizquierdo.es\/ai\/wp-json\/wp\/v2\/pages\/731\/revisions"}],"predecessor-version":[{"id":750,"href":"https:\/\/www.aluminiosizquierdo.es\/ai\/wp-json\/wp\/v2\/pages\/731\/revisions\/750"}],"wp:attachment":[{"href":"https:\/\/www.aluminiosizquierdo.es\/ai\/wp-json\/wp\/v2\/media?parent=731"}],"curies":[{"name":"wp","href":"https:\/\/api.w.org\/{rel}","templated":true}]}}